{"id":12737,"date":"2021-07-27T09:37:30","date_gmt":"2021-07-27T09:37:30","guid":{"rendered":"http:\/\/laplumedeloiseaulyre.com\/?page_id=12737"},"modified":"2021-07-27T09:37:30","modified_gmt":"2021-07-27T09:37:30","slug":"bette-beta-vulgaris-var-cicla-rhubarb-chard","status":"publish","type":"page","link":"http:\/\/laplumedeloiseaulyre.com\/?page_id=12737","title":{"rendered":"BETTE Beta vulgaris var. cicla &lsquo;Rhubarb Chard&rsquo;"},"content":{"rendered":"\n<p>Poir\u00e9e que le jardinier confit en cardon,<br>La Bette ou Blette rit en se tenant les c\u00f4tes,<br>Secouant son limbe rouge de Pentec\u00f4te<br>En divertissant ses vieux voisins les chardons. <\/p>\n","protected":false},"excerpt":{"rendered":"<p>Poir\u00e9e que le jardinier confit en cardon,La Bette ou Blette rit en se tenant les c\u00f4tes,Secouant son limbe rouge de Pentec\u00f4teEn divertissant ses vieux voisins les chardons.<\/p>\n<p class=\"more-link-p\"><a class=\"more-link\" href=\"http:\/\/laplumedeloiseaulyre.com\/?page_id=12737\">Read more &rarr;<\/a><\/p>\n","protected":false},"author":1,"featured_media":0,"parent":0,"menu_order":0,"comment_status":"closed","ping_status":"closed","template":"","meta":{"spay_email":""},"jetpack_shortlink":"https:\/\/wp.me\/P4lzfC-3jr","_links":{"self":[{"href":"http:\/\/laplumedeloiseaulyre.com\/index.php?rest_route=\/wp\/v2\/pages\/12737"}],"collection":[{"href":"http:\/\/laplumedeloiseaulyre.com\/index.php?rest_route=\/wp\/v2\/pages"}],"about":[{"href":"http:\/\/laplumedeloiseaulyre.com\/index.php?rest_route=\/wp\/v2\/types\/page"}],"author":[{"embeddable":true,"href":"http:\/\/laplumedeloiseaulyre.com\/index.php?rest_route=\/wp\/v2\/users\/1"}],"replies":[{"embeddable":true,"href":"http:\/\/laplumedeloiseaulyre.com\/index.php?rest_route=%2Fwp%2Fv2%2Fcomments&post=12737"}],"version-history":[{"count":1,"href":"http:\/\/laplumedeloiseaulyre.com\/index.php?rest_route=\/wp\/v2\/pages\/12737\/revisions"}],"predecessor-version":[{"id":12738,"href":"http:\/\/laplumedeloiseaulyre.com\/index.php?rest_route=\/wp\/v2\/pages\/12737\/revisions\/12738"}],"wp:attachment":[{"href":"http:\/\/laplumedeloiseaulyre.com\/index.php?rest_route=%2Fwp%2Fv2%2Fmedia&parent=12737"}],"curies":[{"name":"wp","href":"https:\/\/api.w.org\/{rel}","templated":true}]}}