{"id":12698,"date":"2021-07-26T16:58:23","date_gmt":"2021-07-26T16:58:23","guid":{"rendered":"http:\/\/laplumedeloiseaulyre.com\/?page_id=12698"},"modified":"2021-07-26T16:58:23","modified_gmt":"2021-07-26T16:58:23","slug":"asterolide-maritime-pallenis-maritima","status":"publish","type":"page","link":"http:\/\/laplumedeloiseaulyre.com\/?page_id=12698","title":{"rendered":"AST\u00c9ROLIDE MARITIME Pallenis maritima"},"content":{"rendered":"\n<p>Ast\u00e9rolide jaune, \u00e9toile maritime,&nbsp;<br>Fleur singuli\u00e8re&nbsp;avec ligules \u00e0 trois dents<br>Montre-toi comme m\u00e8re radieuse d\u2019estime<br>Et accorde-nous d\u2019imiter ton astre&nbsp;ardent.<\/p>\n","protected":false},"excerpt":{"rendered":"<p>Ast\u00e9rolide jaune, \u00e9toile maritime,&nbsp;Fleur singuli\u00e8re&nbsp;avec ligules \u00e0 trois dentsMontre-toi comme m\u00e8re radieuse d\u2019estimeEt accorde-nous d\u2019imiter ton astre&nbsp;ardent.<\/p>\n<p class=\"more-link-p\"><a class=\"more-link\" href=\"http:\/\/laplumedeloiseaulyre.com\/?page_id=12698\">Read more &rarr;<\/a><\/p>\n","protected":false},"author":1,"featured_media":0,"parent":0,"menu_order":0,"comment_status":"closed","ping_status":"closed","template":"","meta":{"spay_email":""},"jetpack_shortlink":"https:\/\/wp.me\/P4lzfC-3iO","_links":{"self":[{"href":"http:\/\/laplumedeloiseaulyre.com\/index.php?rest_route=\/wp\/v2\/pages\/12698"}],"collection":[{"href":"http:\/\/laplumedeloiseaulyre.com\/index.php?rest_route=\/wp\/v2\/pages"}],"about":[{"href":"http:\/\/laplumedeloiseaulyre.com\/index.php?rest_route=\/wp\/v2\/types\/page"}],"author":[{"embeddable":true,"href":"http:\/\/laplumedeloiseaulyre.com\/index.php?rest_route=\/wp\/v2\/users\/1"}],"replies":[{"embeddable":true,"href":"http:\/\/laplumedeloiseaulyre.com\/index.php?rest_route=%2Fwp%2Fv2%2Fcomments&post=12698"}],"version-history":[{"count":1,"href":"http:\/\/laplumedeloiseaulyre.com\/index.php?rest_route=\/wp\/v2\/pages\/12698\/revisions"}],"predecessor-version":[{"id":12699,"href":"http:\/\/laplumedeloiseaulyre.com\/index.php?rest_route=\/wp\/v2\/pages\/12698\/revisions\/12699"}],"wp:attachment":[{"href":"http:\/\/laplumedeloiseaulyre.com\/index.php?rest_route=%2Fwp%2Fv2%2Fmedia&parent=12698"}],"curies":[{"name":"wp","href":"https:\/\/api.w.org\/{rel}","templated":true}]}}