{"id":12696,"date":"2021-07-26T16:56:36","date_gmt":"2021-07-26T16:56:36","guid":{"rendered":"http:\/\/laplumedeloiseaulyre.com\/?page_id=12696"},"modified":"2021-07-26T16:56:36","modified_gmt":"2021-07-26T16:56:36","slug":"asaret-deurope-asarum-europaeum","status":"publish","type":"page","link":"http:\/\/laplumedeloiseaulyre.com\/?page_id=12696","title":{"rendered":"ASARET D&rsquo;EUROPE Asarum europaeum"},"content":{"rendered":"\n<p>L&rsquo;Asaret d&rsquo;Europe qui donne la naus\u00e9e<br>Palabre sur un tonneau dans les cabarets,<br>Inspirant l&rsquo;\u00e2cre d\u00e9go\u00fbt des limonadiers<br>Avec son air d&rsquo;ivrogne perclus de hoquet. <\/p>\n","protected":false},"excerpt":{"rendered":"<p>L&rsquo;Asaret d&rsquo;Europe qui donne la naus\u00e9ePalabre sur un tonneau dans les cabarets,Inspirant l&rsquo;\u00e2cre d\u00e9go\u00fbt des limonadiersAvec son air d&rsquo;ivrogne perclus de hoquet.<\/p>\n<p class=\"more-link-p\"><a class=\"more-link\" href=\"http:\/\/laplumedeloiseaulyre.com\/?page_id=12696\">Read more &rarr;<\/a><\/p>\n","protected":false},"author":1,"featured_media":0,"parent":0,"menu_order":0,"comment_status":"closed","ping_status":"closed","template":"","meta":{"spay_email":""},"jetpack_shortlink":"https:\/\/wp.me\/P4lzfC-3iM","_links":{"self":[{"href":"http:\/\/laplumedeloiseaulyre.com\/index.php?rest_route=\/wp\/v2\/pages\/12696"}],"collection":[{"href":"http:\/\/laplumedeloiseaulyre.com\/index.php?rest_route=\/wp\/v2\/pages"}],"about":[{"href":"http:\/\/laplumedeloiseaulyre.com\/index.php?rest_route=\/wp\/v2\/types\/page"}],"author":[{"embeddable":true,"href":"http:\/\/laplumedeloiseaulyre.com\/index.php?rest_route=\/wp\/v2\/users\/1"}],"replies":[{"embeddable":true,"href":"http:\/\/laplumedeloiseaulyre.com\/index.php?rest_route=%2Fwp%2Fv2%2Fcomments&post=12696"}],"version-history":[{"count":1,"href":"http:\/\/laplumedeloiseaulyre.com\/index.php?rest_route=\/wp\/v2\/pages\/12696\/revisions"}],"predecessor-version":[{"id":12697,"href":"http:\/\/laplumedeloiseaulyre.com\/index.php?rest_route=\/wp\/v2\/pages\/12696\/revisions\/12697"}],"wp:attachment":[{"href":"http:\/\/laplumedeloiseaulyre.com\/index.php?rest_route=%2Fwp%2Fv2%2Fmedia&parent=12696"}],"curies":[{"name":"wp","href":"https:\/\/api.w.org\/{rel}","templated":true}]}}