{"id":12692,"date":"2021-07-26T16:52:19","date_gmt":"2021-07-26T16:52:19","guid":{"rendered":"http:\/\/laplumedeloiseaulyre.com\/?page_id=12692"},"modified":"2021-07-26T16:52:19","modified_gmt":"2021-07-26T16:52:19","slug":"armerie-armeria-maritima","status":"publish","type":"page","link":"http:\/\/laplumedeloiseaulyre.com\/?page_id=12692","title":{"rendered":"ARM\u00c9RIE Armeria maritima\u00a0"},"content":{"rendered":"\n<p>Voici des plantes que je n&rsquo;ai point \u00e9pargn\u00e9es : <br>Elles sont pour vous, cueillies avec courtoisie, <br>Dans le grand champ maritime des Arm\u00e9ries<br>O\u00f9 germent les \u00e2mes qu&rsquo;un Sauveur a gagn\u00e9es.<\/p>\n","protected":false},"excerpt":{"rendered":"<p>Voici des plantes que je n&rsquo;ai point \u00e9pargn\u00e9es : Elles sont pour vous, cueillies avec courtoisie, Dans le grand champ maritime des Arm\u00e9riesO\u00f9 germent les \u00e2mes qu&rsquo;un Sauveur a gagn\u00e9es.<\/p>\n<p class=\"more-link-p\"><a class=\"more-link\" href=\"http:\/\/laplumedeloiseaulyre.com\/?page_id=12692\">Read more &rarr;<\/a><\/p>\n","protected":false},"author":1,"featured_media":0,"parent":0,"menu_order":0,"comment_status":"closed","ping_status":"closed","template":"","meta":{"spay_email":""},"jetpack_shortlink":"https:\/\/wp.me\/P4lzfC-3iI","_links":{"self":[{"href":"http:\/\/laplumedeloiseaulyre.com\/index.php?rest_route=\/wp\/v2\/pages\/12692"}],"collection":[{"href":"http:\/\/laplumedeloiseaulyre.com\/index.php?rest_route=\/wp\/v2\/pages"}],"about":[{"href":"http:\/\/laplumedeloiseaulyre.com\/index.php?rest_route=\/wp\/v2\/types\/page"}],"author":[{"embeddable":true,"href":"http:\/\/laplumedeloiseaulyre.com\/index.php?rest_route=\/wp\/v2\/users\/1"}],"replies":[{"embeddable":true,"href":"http:\/\/laplumedeloiseaulyre.com\/index.php?rest_route=%2Fwp%2Fv2%2Fcomments&post=12692"}],"version-history":[{"count":1,"href":"http:\/\/laplumedeloiseaulyre.com\/index.php?rest_route=\/wp\/v2\/pages\/12692\/revisions"}],"predecessor-version":[{"id":12694,"href":"http:\/\/laplumedeloiseaulyre.com\/index.php?rest_route=\/wp\/v2\/pages\/12692\/revisions\/12694"}],"wp:attachment":[{"href":"http:\/\/laplumedeloiseaulyre.com\/index.php?rest_route=%2Fwp%2Fv2%2Fmedia&parent=12692"}],"curies":[{"name":"wp","href":"https:\/\/api.w.org\/{rel}","templated":true}]}}