{"id":12689,"date":"2021-07-26T16:47:50","date_gmt":"2021-07-26T16:47:50","guid":{"rendered":"http:\/\/laplumedeloiseaulyre.com\/?page_id=12689"},"modified":"2021-07-26T16:47:50","modified_gmt":"2021-07-26T16:47:50","slug":"arbre-de-judee-cercis-siliquastrum","status":"publish","type":"page","link":"http:\/\/laplumedeloiseaulyre.com\/?page_id=12689","title":{"rendered":"ARBRE DE JUD\u00c9E Cercis siliquastrum"},"content":{"rendered":"\n<p>Heureux malheureux qui moissonnera<br>Les brins violets de l&rsquo;Arbre de Jud\u00e9e,\u00a0<br>Arbre qui fleurit apr\u00e8s les gel\u00e9es,<br>Arbre o\u00f9 fut pendu le tra\u00eetre Judas. <\/p>\n","protected":false},"excerpt":{"rendered":"<p>Heureux malheureux qui moissonneraLes brins violets de l&rsquo;Arbre de Jud\u00e9e,\u00a0Arbre qui fleurit apr\u00e8s les gel\u00e9es,Arbre o\u00f9 fut pendu le tra\u00eetre Judas.<\/p>\n<p class=\"more-link-p\"><a class=\"more-link\" href=\"http:\/\/laplumedeloiseaulyre.com\/?page_id=12689\">Read more &rarr;<\/a><\/p>\n","protected":false},"author":1,"featured_media":0,"parent":0,"menu_order":0,"comment_status":"closed","ping_status":"closed","template":"","meta":{"spay_email":""},"jetpack_shortlink":"https:\/\/wp.me\/P4lzfC-3iF","_links":{"self":[{"href":"http:\/\/laplumedeloiseaulyre.com\/index.php?rest_route=\/wp\/v2\/pages\/12689"}],"collection":[{"href":"http:\/\/laplumedeloiseaulyre.com\/index.php?rest_route=\/wp\/v2\/pages"}],"about":[{"href":"http:\/\/laplumedeloiseaulyre.com\/index.php?rest_route=\/wp\/v2\/types\/page"}],"author":[{"embeddable":true,"href":"http:\/\/laplumedeloiseaulyre.com\/index.php?rest_route=\/wp\/v2\/users\/1"}],"replies":[{"embeddable":true,"href":"http:\/\/laplumedeloiseaulyre.com\/index.php?rest_route=%2Fwp%2Fv2%2Fcomments&post=12689"}],"version-history":[{"count":1,"href":"http:\/\/laplumedeloiseaulyre.com\/index.php?rest_route=\/wp\/v2\/pages\/12689\/revisions"}],"predecessor-version":[{"id":12690,"href":"http:\/\/laplumedeloiseaulyre.com\/index.php?rest_route=\/wp\/v2\/pages\/12689\/revisions\/12690"}],"wp:attachment":[{"href":"http:\/\/laplumedeloiseaulyre.com\/index.php?rest_route=%2Fwp%2Fv2%2Fmedia&parent=12689"}],"curies":[{"name":"wp","href":"https:\/\/api.w.org\/{rel}","templated":true}]}}