{"id":12686,"date":"2021-07-26T16:45:06","date_gmt":"2021-07-26T16:45:06","guid":{"rendered":"http:\/\/laplumedeloiseaulyre.com\/?page_id=12686"},"modified":"2021-07-26T16:45:06","modified_gmt":"2021-07-26T16:45:06","slug":"arabette-des-dames-arabidopsis-thaliana","status":"publish","type":"page","link":"http:\/\/laplumedeloiseaulyre.com\/?page_id=12686","title":{"rendered":"ARABETTE DES DAMES Arabidopsis thaliana"},"content":{"rendered":"\n<p>Arabette des dames, plante g\u00e9n\u00e9tique,<br>Herbe mod\u00e8le, la premi\u00e8re s\u00e9quenc\u00e9e, <br>Tu vois les ciseaux des savants te d\u00e9couper,<br>Fi\u00e8re de servir leurs calculs microscopiques.<\/p>\n\n\n\n<p><\/p>\n","protected":false},"excerpt":{"rendered":"<p>Arabette des dames, plante g\u00e9n\u00e9tique,Herbe mod\u00e8le, la premi\u00e8re s\u00e9quenc\u00e9e, Tu vois les ciseaux des savants te d\u00e9couper,Fi\u00e8re de servir leurs calculs microscopiques.<\/p>\n<p class=\"more-link-p\"><a class=\"more-link\" href=\"http:\/\/laplumedeloiseaulyre.com\/?page_id=12686\">Read more &rarr;<\/a><\/p>\n","protected":false},"author":1,"featured_media":0,"parent":0,"menu_order":0,"comment_status":"closed","ping_status":"closed","template":"","meta":{"spay_email":""},"jetpack_shortlink":"https:\/\/wp.me\/P4lzfC-3iC","_links":{"self":[{"href":"http:\/\/laplumedeloiseaulyre.com\/index.php?rest_route=\/wp\/v2\/pages\/12686"}],"collection":[{"href":"http:\/\/laplumedeloiseaulyre.com\/index.php?rest_route=\/wp\/v2\/pages"}],"about":[{"href":"http:\/\/laplumedeloiseaulyre.com\/index.php?rest_route=\/wp\/v2\/types\/page"}],"author":[{"embeddable":true,"href":"http:\/\/laplumedeloiseaulyre.com\/index.php?rest_route=\/wp\/v2\/users\/1"}],"replies":[{"embeddable":true,"href":"http:\/\/laplumedeloiseaulyre.com\/index.php?rest_route=%2Fwp%2Fv2%2Fcomments&post=12686"}],"version-history":[{"count":1,"href":"http:\/\/laplumedeloiseaulyre.com\/index.php?rest_route=\/wp\/v2\/pages\/12686\/revisions"}],"predecessor-version":[{"id":12687,"href":"http:\/\/laplumedeloiseaulyre.com\/index.php?rest_route=\/wp\/v2\/pages\/12686\/revisions\/12687"}],"wp:attachment":[{"href":"http:\/\/laplumedeloiseaulyre.com\/index.php?rest_route=%2Fwp%2Fv2%2Fmedia&parent=12686"}],"curies":[{"name":"wp","href":"https:\/\/api.w.org\/{rel}","templated":true}]}}