{"id":12673,"date":"2021-07-25T15:25:37","date_gmt":"2021-07-25T15:25:37","guid":{"rendered":"http:\/\/laplumedeloiseaulyre.com\/?page_id=12673"},"modified":"2021-07-25T15:25:37","modified_gmt":"2021-07-25T15:25:37","slug":"avoine-avena-sativa","status":"publish","type":"page","link":"http:\/\/laplumedeloiseaulyre.com\/?page_id=12673","title":{"rendered":"AVOINE Avena sativa"},"content":{"rendered":"\n<p>Elle, endormie au berceau de sa chair,<br>Le songe au bord des yeux, les cils baiss\u00e9s,<br>Ses paupi\u00e8res closes comme foug\u00e8res<br>Sous l&rsquo;Avoine de sa bouche embrass\u00e9e. <\/p>\n","protected":false},"excerpt":{"rendered":"<p>Elle, endormie au berceau de sa chair,Le songe au bord des yeux, les cils baiss\u00e9s,Ses paupi\u00e8res closes comme foug\u00e8resSous l&rsquo;Avoine de sa bouche embrass\u00e9e.<\/p>\n<p class=\"more-link-p\"><a class=\"more-link\" href=\"http:\/\/laplumedeloiseaulyre.com\/?page_id=12673\">Read more &rarr;<\/a><\/p>\n","protected":false},"author":1,"featured_media":0,"parent":0,"menu_order":0,"comment_status":"closed","ping_status":"closed","template":"","meta":{"spay_email":""},"jetpack_shortlink":"https:\/\/wp.me\/P4lzfC-3ip","_links":{"self":[{"href":"http:\/\/laplumedeloiseaulyre.com\/index.php?rest_route=\/wp\/v2\/pages\/12673"}],"collection":[{"href":"http:\/\/laplumedeloiseaulyre.com\/index.php?rest_route=\/wp\/v2\/pages"}],"about":[{"href":"http:\/\/laplumedeloiseaulyre.com\/index.php?rest_route=\/wp\/v2\/types\/page"}],"author":[{"embeddable":true,"href":"http:\/\/laplumedeloiseaulyre.com\/index.php?rest_route=\/wp\/v2\/users\/1"}],"replies":[{"embeddable":true,"href":"http:\/\/laplumedeloiseaulyre.com\/index.php?rest_route=%2Fwp%2Fv2%2Fcomments&post=12673"}],"version-history":[{"count":1,"href":"http:\/\/laplumedeloiseaulyre.com\/index.php?rest_route=\/wp\/v2\/pages\/12673\/revisions"}],"predecessor-version":[{"id":12674,"href":"http:\/\/laplumedeloiseaulyre.com\/index.php?rest_route=\/wp\/v2\/pages\/12673\/revisions\/12674"}],"wp:attachment":[{"href":"http:\/\/laplumedeloiseaulyre.com\/index.php?rest_route=%2Fwp%2Fv2%2Fmedia&parent=12673"}],"curies":[{"name":"wp","href":"https:\/\/api.w.org\/{rel}","templated":true}]}}