{"id":12670,"date":"2021-07-25T15:22:11","date_gmt":"2021-07-25T15:22:11","guid":{"rendered":"http:\/\/laplumedeloiseaulyre.com\/?page_id=12670"},"modified":"2021-07-25T15:22:11","modified_gmt":"2021-07-25T15:22:11","slug":"angelique-des-acores-daucus-decipiens","status":"publish","type":"page","link":"http:\/\/laplumedeloiseaulyre.com\/?page_id=12670","title":{"rendered":"ANG\u00c9LIQUE DES A\u00c7ORES Daucus decipiens"},"content":{"rendered":"\n<p>Fabuleux persil noir, ornement de Mad\u00e8re,<br>Arbuste end\u00e9mique probe jusqu&rsquo;\u00e0 la mort,<br>Surprenante th\u00e9ophanie d&rsquo;ombellif\u00e8res,<br>Qui peut \u00e9galer l&rsquo;Ang\u00e9lique des A\u00e7ores ? <\/p>\n","protected":false},"excerpt":{"rendered":"<p>Fabuleux persil noir, ornement de Mad\u00e8re,Arbuste end\u00e9mique probe jusqu&rsquo;\u00e0 la mort,Surprenante th\u00e9ophanie d&rsquo;ombellif\u00e8res,Qui peut \u00e9galer l&rsquo;Ang\u00e9lique des A\u00e7ores ?<\/p>\n<p class=\"more-link-p\"><a class=\"more-link\" href=\"http:\/\/laplumedeloiseaulyre.com\/?page_id=12670\">Read more &rarr;<\/a><\/p>\n","protected":false},"author":1,"featured_media":0,"parent":0,"menu_order":0,"comment_status":"closed","ping_status":"closed","template":"","meta":{"spay_email":""},"jetpack_shortlink":"https:\/\/wp.me\/P4lzfC-3im","_links":{"self":[{"href":"http:\/\/laplumedeloiseaulyre.com\/index.php?rest_route=\/wp\/v2\/pages\/12670"}],"collection":[{"href":"http:\/\/laplumedeloiseaulyre.com\/index.php?rest_route=\/wp\/v2\/pages"}],"about":[{"href":"http:\/\/laplumedeloiseaulyre.com\/index.php?rest_route=\/wp\/v2\/types\/page"}],"author":[{"embeddable":true,"href":"http:\/\/laplumedeloiseaulyre.com\/index.php?rest_route=\/wp\/v2\/users\/1"}],"replies":[{"embeddable":true,"href":"http:\/\/laplumedeloiseaulyre.com\/index.php?rest_route=%2Fwp%2Fv2%2Fcomments&post=12670"}],"version-history":[{"count":1,"href":"http:\/\/laplumedeloiseaulyre.com\/index.php?rest_route=\/wp\/v2\/pages\/12670\/revisions"}],"predecessor-version":[{"id":12671,"href":"http:\/\/laplumedeloiseaulyre.com\/index.php?rest_route=\/wp\/v2\/pages\/12670\/revisions\/12671"}],"wp:attachment":[{"href":"http:\/\/laplumedeloiseaulyre.com\/index.php?rest_route=%2Fwp%2Fv2%2Fmedia&parent=12670"}],"curies":[{"name":"wp","href":"https:\/\/api.w.org\/{rel}","templated":true}]}}