{"id":12667,"date":"2021-07-25T15:17:26","date_gmt":"2021-07-25T15:17:26","guid":{"rendered":"http:\/\/laplumedeloiseaulyre.com\/?page_id=12667"},"modified":"2021-07-25T15:18:13","modified_gmt":"2021-07-25T15:18:13","slug":"anemone-pulsatille-anemone-pulsatilla","status":"publish","type":"page","link":"http:\/\/laplumedeloiseaulyre.com\/?page_id=12667","title":{"rendered":"AN\u00c9MONE PULSATILLE Anemone pulsatilla"},"content":{"rendered":"\n<p>An\u00e9mone pulsatille, carte avou\u00e9e,<br>Toi, tarot de la fortune qui m\u2019\u00e9merveille,<br>Pulsation du Verbe que rien ne peut briser,<br>Viens po\u00e8me du soir, ma\u00eetresse de mes veilles.<\/p>\n","protected":false},"excerpt":{"rendered":"<p>An\u00e9mone pulsatille, carte avou\u00e9e,Toi, tarot de la fortune qui m\u2019\u00e9merveille,Pulsation du Verbe que rien ne peut briser,Viens po\u00e8me du soir, ma\u00eetresse de mes veilles.<\/p>\n<p class=\"more-link-p\"><a class=\"more-link\" href=\"http:\/\/laplumedeloiseaulyre.com\/?page_id=12667\">Read more &rarr;<\/a><\/p>\n","protected":false},"author":1,"featured_media":0,"parent":0,"menu_order":0,"comment_status":"closed","ping_status":"closed","template":"","meta":{"spay_email":""},"jetpack_shortlink":"https:\/\/wp.me\/P4lzfC-3ij","_links":{"self":[{"href":"http:\/\/laplumedeloiseaulyre.com\/index.php?rest_route=\/wp\/v2\/pages\/12667"}],"collection":[{"href":"http:\/\/laplumedeloiseaulyre.com\/index.php?rest_route=\/wp\/v2\/pages"}],"about":[{"href":"http:\/\/laplumedeloiseaulyre.com\/index.php?rest_route=\/wp\/v2\/types\/page"}],"author":[{"embeddable":true,"href":"http:\/\/laplumedeloiseaulyre.com\/index.php?rest_route=\/wp\/v2\/users\/1"}],"replies":[{"embeddable":true,"href":"http:\/\/laplumedeloiseaulyre.com\/index.php?rest_route=%2Fwp%2Fv2%2Fcomments&post=12667"}],"version-history":[{"count":2,"href":"http:\/\/laplumedeloiseaulyre.com\/index.php?rest_route=\/wp\/v2\/pages\/12667\/revisions"}],"predecessor-version":[{"id":12669,"href":"http:\/\/laplumedeloiseaulyre.com\/index.php?rest_route=\/wp\/v2\/pages\/12667\/revisions\/12669"}],"wp:attachment":[{"href":"http:\/\/laplumedeloiseaulyre.com\/index.php?rest_route=%2Fwp%2Fv2%2Fmedia&parent=12667"}],"curies":[{"name":"wp","href":"https:\/\/api.w.org\/{rel}","templated":true}]}}