{"id":12663,"date":"2021-07-25T15:14:30","date_gmt":"2021-07-25T15:14:30","guid":{"rendered":"http:\/\/laplumedeloiseaulyre.com\/?page_id=12663"},"modified":"2021-07-25T15:14:49","modified_gmt":"2021-07-25T15:14:49","slug":"amourette-brosimum-guianense","status":"publish","type":"page","link":"http:\/\/laplumedeloiseaulyre.com\/?page_id=12663","title":{"rendered":"AMOURETTE Brosimum guianense"},"content":{"rendered":"\n<p>Amourette en bois pr\u00e9cieux pour les joailliers,<br>Amulette mouchet\u00e9e pour les \u00e9b\u00e9nistes,<br>Aubier dense des imprimeurs et des luthiers<br>Villanelle foresti\u00e8re des violonistes.<\/p>\n","protected":false},"excerpt":{"rendered":"<p>Amourette en bois pr\u00e9cieux pour les joailliers,Amulette mouchet\u00e9e pour les \u00e9b\u00e9nistes,Aubier dense des imprimeurs et des luthiersVillanelle foresti\u00e8re des violonistes.<\/p>\n<p class=\"more-link-p\"><a class=\"more-link\" href=\"http:\/\/laplumedeloiseaulyre.com\/?page_id=12663\">Read more &rarr;<\/a><\/p>\n","protected":false},"author":1,"featured_media":0,"parent":0,"menu_order":0,"comment_status":"closed","ping_status":"closed","template":"","meta":{"spay_email":""},"jetpack_shortlink":"https:\/\/wp.me\/P4lzfC-3if","_links":{"self":[{"href":"http:\/\/laplumedeloiseaulyre.com\/index.php?rest_route=\/wp\/v2\/pages\/12663"}],"collection":[{"href":"http:\/\/laplumedeloiseaulyre.com\/index.php?rest_route=\/wp\/v2\/pages"}],"about":[{"href":"http:\/\/laplumedeloiseaulyre.com\/index.php?rest_route=\/wp\/v2\/types\/page"}],"author":[{"embeddable":true,"href":"http:\/\/laplumedeloiseaulyre.com\/index.php?rest_route=\/wp\/v2\/users\/1"}],"replies":[{"embeddable":true,"href":"http:\/\/laplumedeloiseaulyre.com\/index.php?rest_route=%2Fwp%2Fv2%2Fcomments&post=12663"}],"version-history":[{"count":2,"href":"http:\/\/laplumedeloiseaulyre.com\/index.php?rest_route=\/wp\/v2\/pages\/12663\/revisions"}],"predecessor-version":[{"id":12665,"href":"http:\/\/laplumedeloiseaulyre.com\/index.php?rest_route=\/wp\/v2\/pages\/12663\/revisions\/12665"}],"wp:attachment":[{"href":"http:\/\/laplumedeloiseaulyre.com\/index.php?rest_route=%2Fwp%2Fv2%2Fmedia&parent=12663"}],"curies":[{"name":"wp","href":"https:\/\/api.w.org\/{rel}","templated":true}]}}