{"id":12655,"date":"2021-07-25T15:05:24","date_gmt":"2021-07-25T15:05:24","guid":{"rendered":"http:\/\/laplumedeloiseaulyre.com\/?page_id=12655"},"modified":"2022-02-25T00:03:34","modified_gmt":"2022-02-25T00:03:34","slug":"aloe-vera-aloe-vera","status":"publish","type":"page","link":"http:\/\/laplumedeloiseaulyre.com\/?page_id=12655","title":{"rendered":"ALOE VERA Aloe vera"},"content":{"rendered":"\n<p>D&rsquo;abord tent\u00e9 par l&rsquo;\u00e9pine de perdition,<br>Le sage <em>Aloe vera<\/em> convertit ses branches<br>Pour partager ses filets frais de salvation, <br>Ma\u00eetre incis\u00e9 qui soigne et gu\u00e9rit par ses tranches. <\/p>\n","protected":false},"excerpt":{"rendered":"<p>D&rsquo;abord tent\u00e9 par l&rsquo;\u00e9pine de perdition,Le sage Aloe vera convertit ses branchesPour partager ses filets frais de salvation, Ma\u00eetre incis\u00e9 qui soigne et gu\u00e9rit par ses tranches.<\/p>\n<p class=\"more-link-p\"><a class=\"more-link\" href=\"http:\/\/laplumedeloiseaulyre.com\/?page_id=12655\">Read more &rarr;<\/a><\/p>\n","protected":false},"author":1,"featured_media":0,"parent":0,"menu_order":0,"comment_status":"closed","ping_status":"closed","template":"","meta":{"spay_email":""},"jetpack_shortlink":"https:\/\/wp.me\/P4lzfC-3i7","_links":{"self":[{"href":"http:\/\/laplumedeloiseaulyre.com\/index.php?rest_route=\/wp\/v2\/pages\/12655"}],"collection":[{"href":"http:\/\/laplumedeloiseaulyre.com\/index.php?rest_route=\/wp\/v2\/pages"}],"about":[{"href":"http:\/\/laplumedeloiseaulyre.com\/index.php?rest_route=\/wp\/v2\/types\/page"}],"author":[{"embeddable":true,"href":"http:\/\/laplumedeloiseaulyre.com\/index.php?rest_route=\/wp\/v2\/users\/1"}],"replies":[{"embeddable":true,"href":"http:\/\/laplumedeloiseaulyre.com\/index.php?rest_route=%2Fwp%2Fv2%2Fcomments&post=12655"}],"version-history":[{"count":2,"href":"http:\/\/laplumedeloiseaulyre.com\/index.php?rest_route=\/wp\/v2\/pages\/12655\/revisions"}],"predecessor-version":[{"id":13638,"href":"http:\/\/laplumedeloiseaulyre.com\/index.php?rest_route=\/wp\/v2\/pages\/12655\/revisions\/13638"}],"wp:attachment":[{"href":"http:\/\/laplumedeloiseaulyre.com\/index.php?rest_route=%2Fwp%2Fv2%2Fmedia&parent=12655"}],"curies":[{"name":"wp","href":"https:\/\/api.w.org\/{rel}","templated":true}]}}