{"id":12652,"date":"2021-07-25T15:01:26","date_gmt":"2021-07-25T15:01:26","guid":{"rendered":"http:\/\/laplumedeloiseaulyre.com\/?page_id=12652"},"modified":"2022-01-21T00:44:04","modified_gmt":"2022-01-21T00:44:04","slug":"achimene-achimenes-longiflora","status":"publish","type":"page","link":"http:\/\/laplumedeloiseaulyre.com\/?page_id=12652","title":{"rendered":"ACHIM\u00c8NE Achimenes longiflora"},"content":{"rendered":"\n<p>Toi qui nais en la tonnelle de Cupidon<br>Dans les skyphos o\u00f9 les acrobates s&rsquo;abreuvent, <br>Achim\u00e8ne, es-tu l\u00e0 pour soutenir Didon ? <br>Es-tu l\u00e0 pour recueillir ses larmes de veuve ? <\/p>\n\n\n\n<p><\/p>\n","protected":false},"excerpt":{"rendered":"<p>Toi qui nais en la tonnelle de CupidonDans les skyphos o\u00f9 les acrobates s&rsquo;abreuvent, Achim\u00e8ne, es-tu l\u00e0 pour soutenir Didon ? Es-tu l\u00e0 pour recueillir ses larmes de veuve ?<\/p>\n<p class=\"more-link-p\"><a class=\"more-link\" href=\"http:\/\/laplumedeloiseaulyre.com\/?page_id=12652\">Read more &rarr;<\/a><\/p>\n","protected":false},"author":1,"featured_media":0,"parent":0,"menu_order":0,"comment_status":"closed","ping_status":"closed","template":"","meta":{"spay_email":""},"jetpack_shortlink":"https:\/\/wp.me\/P4lzfC-3i4","_links":{"self":[{"href":"http:\/\/laplumedeloiseaulyre.com\/index.php?rest_route=\/wp\/v2\/pages\/12652"}],"collection":[{"href":"http:\/\/laplumedeloiseaulyre.com\/index.php?rest_route=\/wp\/v2\/pages"}],"about":[{"href":"http:\/\/laplumedeloiseaulyre.com\/index.php?rest_route=\/wp\/v2\/types\/page"}],"author":[{"embeddable":true,"href":"http:\/\/laplumedeloiseaulyre.com\/index.php?rest_route=\/wp\/v2\/users\/1"}],"replies":[{"embeddable":true,"href":"http:\/\/laplumedeloiseaulyre.com\/index.php?rest_route=%2Fwp%2Fv2%2Fcomments&post=12652"}],"version-history":[{"count":2,"href":"http:\/\/laplumedeloiseaulyre.com\/index.php?rest_route=\/wp\/v2\/pages\/12652\/revisions"}],"predecessor-version":[{"id":13427,"href":"http:\/\/laplumedeloiseaulyre.com\/index.php?rest_route=\/wp\/v2\/pages\/12652\/revisions\/13427"}],"wp:attachment":[{"href":"http:\/\/laplumedeloiseaulyre.com\/index.php?rest_route=%2Fwp%2Fv2%2Fmedia&parent=12652"}],"curies":[{"name":"wp","href":"https:\/\/api.w.org\/{rel}","templated":true}]}}