{"id":11960,"date":"2021-04-15T14:45:37","date_gmt":"2021-04-15T14:45:37","guid":{"rendered":"http:\/\/laplumedeloiseaulyre.com\/?page_id=11960"},"modified":"2023-06-05T11:45:41","modified_gmt":"2023-06-05T11:45:41","slug":"herbarium-amicorum-lherbier-collaboratif-amical-de-glsg","status":"publish","type":"page","link":"http:\/\/laplumedeloiseaulyre.com\/?page_id=11960","title":{"rendered":"Herbarium amicorum : l&rsquo;herbier collaboratif amical de GLSG"},"content":{"rendered":"\n<div class=\"wp-block-image\"><figure class=\"aligncenter size-large\"><img loading=\"lazy\" width=\"640\" height=\"644\" src=\"https:\/\/i2.wp.com\/laplumedeloiseaulyre.com\/wp-content\/uploads\/2021\/04\/IMG_7171.jpg?resize=640%2C644&#038;ssl=1\" alt=\"\" class=\"wp-image-11964\" srcset=\"https:\/\/i2.wp.com\/laplumedeloiseaulyre.com\/wp-content\/uploads\/2021\/04\/IMG_7171.jpg?w=640 640w, https:\/\/i2.wp.com\/laplumedeloiseaulyre.com\/wp-content\/uploads\/2021\/04\/IMG_7171.jpg?resize=298%2C300 298w, https:\/\/i2.wp.com\/laplumedeloiseaulyre.com\/wp-content\/uploads\/2021\/04\/IMG_7171.jpg?resize=150%2C150 150w, https:\/\/i2.wp.com\/laplumedeloiseaulyre.com\/wp-content\/uploads\/2021\/04\/IMG_7171.jpg?resize=560%2C564 560w, https:\/\/i2.wp.com\/laplumedeloiseaulyre.com\/wp-content\/uploads\/2021\/04\/IMG_7171.jpg?resize=160%2C161 160w\" sizes=\"(max-width: 640px) 100vw, 640px\" data-recalc-dims=\"1\" \/><\/figure><\/div>\n\n\n\n<p><\/p>\n\n\n\n<p><strong><em>Herbarium amicorum,<\/em> ou &laquo;&nbsp;l&rsquo;herbier d&rsquo;amis&nbsp;&raquo; en latin est un projet lanc\u00e9 le jeudi 15 avril 2021 par Gabrielle de LSG sur le mod\u00e8le des antiques <em>Liber Amicorum<\/em> (&laquo;&nbsp;livre d&rsquo;amis&nbsp;&raquo; en latin)<\/strong>. Il a pour but de rassembler dans un m\u00eame ouvrage une s\u00e9rie de planches botaniques \u00e0 partir de sp\u00e9cimens cueillis et annot\u00e9s par <strong>celui ou celle qui souhaite y participer afin de constituer un bel album unifi\u00e9 ordonn\u00e9 par familles de plantes sous forme d\u2019<em>unicum<\/em>, c\u2019est-\u00e0-dire, un seul exemplaire r\u00e9pertori\u00e9.<\/strong><\/p>\n\n\n\n<p>Tous ceux et celles qui veulent y contribuer en apportant une page sont les bienvenus. Nul besoin d&rsquo;\u00eatre botaniste ! Je les collecterai pour les rassembler en un grand livre que j&rsquo;esp\u00e8re voir augmenter d&rsquo;ann\u00e9e en ann\u00e9e et \u00e9ventuellement num\u00e9riser. <strong>Vous \u00eates attendus nombreux pour contribuer \u00e0 cette Flore Amicale, unique et personnalis\u00e9e, aussi affective que botanique.<\/strong><\/p>\n\n\n\n<p><strong><span class=\"has-inline-color has-vivid-cyan-blue-color\">M\u00c9THODE \u00c0 SUIVRE POUR UNIFIER L&rsquo;ENSEMBLE<\/span><\/strong><\/p>\n\n\n\n<figure class=\"wp-block-image size-large\"><img loading=\"lazy\" width=\"768\" height=\"1024\" src=\"https:\/\/i1.wp.com\/laplumedeloiseaulyre.com\/wp-content\/uploads\/2021\/04\/1-768x1024.jpg?resize=768%2C1024&#038;ssl=1\" alt=\"\" class=\"wp-image-11969\" srcset=\"https:\/\/i2.wp.com\/laplumedeloiseaulyre.com\/wp-content\/uploads\/2021\/04\/1.jpg?resize=768%2C1024 768w, https:\/\/i2.wp.com\/laplumedeloiseaulyre.com\/wp-content\/uploads\/2021\/04\/1.jpg?resize=225%2C300 225w, https:\/\/i2.wp.com\/laplumedeloiseaulyre.com\/wp-content\/uploads\/2021\/04\/1.jpg?resize=1152%2C1536 1152w, https:\/\/i2.wp.com\/laplumedeloiseaulyre.com\/wp-content\/uploads\/2021\/04\/1.jpg?resize=1536%2C2048 1536w, https:\/\/i2.wp.com\/laplumedeloiseaulyre.com\/wp-content\/uploads\/2021\/04\/1.jpg?resize=560%2C747 560w, https:\/\/i2.wp.com\/laplumedeloiseaulyre.com\/wp-content\/uploads\/2021\/04\/1.jpg?resize=160%2C213 160w, https:\/\/i2.wp.com\/laplumedeloiseaulyre.com\/wp-content\/uploads\/2021\/04\/1.jpg?w=1575 1575w\" sizes=\"(max-width: 768px) 100vw, 768px\" data-recalc-dims=\"1\" \/><\/figure>\n\n\n\n<p><span class=\"has-inline-color has-vivid-cyan-blue-color\"><strong>\u00c9TAPE 1\/<\/strong> R\u00e9colter un sp\u00e9cimen botanique capable de tenir sur une feuille de format 24&#215;32 cm<\/span> <\/p>\n\n\n\n<figure class=\"wp-block-image size-large\"><img loading=\"lazy\" width=\"768\" height=\"1024\" src=\"https:\/\/i0.wp.com\/laplumedeloiseaulyre.com\/wp-content\/uploads\/2021\/04\/2-768x1024.jpg?resize=768%2C1024&#038;ssl=1\" alt=\"\" class=\"wp-image-11970\" srcset=\"https:\/\/i2.wp.com\/laplumedeloiseaulyre.com\/wp-content\/uploads\/2021\/04\/2.jpg?resize=768%2C1024 768w, https:\/\/i2.wp.com\/laplumedeloiseaulyre.com\/wp-content\/uploads\/2021\/04\/2.jpg?resize=225%2C300 225w, https:\/\/i2.wp.com\/laplumedeloiseaulyre.com\/wp-content\/uploads\/2021\/04\/2.jpg?resize=1152%2C1536 1152w, https:\/\/i2.wp.com\/laplumedeloiseaulyre.com\/wp-content\/uploads\/2021\/04\/2.jpg?resize=1536%2C2048 1536w, https:\/\/i2.wp.com\/laplumedeloiseaulyre.com\/wp-content\/uploads\/2021\/04\/2.jpg?resize=560%2C747 560w, https:\/\/i2.wp.com\/laplumedeloiseaulyre.com\/wp-content\/uploads\/2021\/04\/2.jpg?resize=160%2C213 160w, https:\/\/i2.wp.com\/laplumedeloiseaulyre.com\/wp-content\/uploads\/2021\/04\/2.jpg?w=1575 1575w\" sizes=\"(max-width: 768px) 100vw, 768px\" data-recalc-dims=\"1\" \/><\/figure>\n\n\n\n<p><span class=\"has-inline-color has-vivid-cyan-blue-color\"><strong>\u00c9TAPE 2\/<\/strong> Le fixer sur une feuille de papier Canson blanc de 24&#215;32 cm avec du papier gomm\u00e9 fin de pr\u00e9f\u00e9rence. (Attention : ne surtout pas utiliser de scotch transparent ! Pr\u00e9f\u00e9rez du masking-tape)<\/span><\/p>\n\n\n\n<figure class=\"wp-block-image size-large\"><img loading=\"lazy\" width=\"768\" height=\"1024\" src=\"https:\/\/i1.wp.com\/laplumedeloiseaulyre.com\/wp-content\/uploads\/2021\/04\/3_.jpg?resize=768%2C1024\" alt=\"\" class=\"wp-image-12009\" srcset=\"https:\/\/i1.wp.com\/laplumedeloiseaulyre.com\/wp-content\/uploads\/2021\/04\/3_.jpg?resize=768%2C1024 768w, https:\/\/i1.wp.com\/laplumedeloiseaulyre.com\/wp-content\/uploads\/2021\/04\/3_.jpg?resize=225%2C300 225w, https:\/\/i1.wp.com\/laplumedeloiseaulyre.com\/wp-content\/uploads\/2021\/04\/3_.jpg?resize=1152%2C1536 1152w, https:\/\/i1.wp.com\/laplumedeloiseaulyre.com\/wp-content\/uploads\/2021\/04\/3_.jpg?resize=1536%2C2048 1536w, https:\/\/i1.wp.com\/laplumedeloiseaulyre.com\/wp-content\/uploads\/2021\/04\/3_.jpg?resize=560%2C747 560w, https:\/\/i1.wp.com\/laplumedeloiseaulyre.com\/wp-content\/uploads\/2021\/04\/3_.jpg?resize=160%2C213 160w, https:\/\/i1.wp.com\/laplumedeloiseaulyre.com\/wp-content\/uploads\/2021\/04\/3_.jpg?w=1575 1575w\" sizes=\"(max-width: 768px) 100vw, 768px\" data-recalc-dims=\"1\" \/><\/figure>\n\n\n\n<p><span class=\"has-inline-color has-vivid-cyan-blue-color\"><strong>\u00c9TAPE 3\/<\/strong> Ajouter les \u00e9l\u00e9ments suivants au stylo ou crayon : <\/span><\/p>\n\n\n\n<ul><li><span class=\"has-inline-color has-vivid-cyan-blue-color\"><strong>Nom scientifique <\/strong>(<em>Calendula officinalis<\/em>)<\/span><\/li><li><span class=\"has-inline-color has-vivid-cyan-blue-color\"><strong>Nom vulgaire\/vernaculaire  <\/strong>(Souci officinal)<\/span><\/li><li><span class=\"has-inline-color has-vivid-cyan-blue-color\"><strong>Famille botanique<\/strong> (Ast\u00e9rac\u00e9es)<\/span><\/li><li><span class=\"has-inline-color has-vivid-cyan-blue-color\"><strong>Station\/localit\u00e9\/lieu de la cueillette\/pays\/d\u00e9partement <\/strong>(Milly-la-For\u00eat, Essonne, France, 91, Tombe de Jean Cocteau)<\/span><\/li><li><span class=\"has-inline-color has-vivid-cyan-blue-color\"><strong>Date de la r\u00e9colte <\/strong>(16 avril 2021)<\/span><\/li><li><span class=\"has-inline-color has-vivid-cyan-blue-color\"><strong>R\u00e9coltant<\/strong> : vos noms et pr\u00e9noms complets<\/span><\/li><li><span class=\"has-inline-color has-vivid-cyan-blue-color\"><strong>Remarques \u00e9ventuelles <\/strong>(facultatif) <\/span><\/li><\/ul>\n\n\n\n<p><span class=\"has-inline-color has-vivid-cyan-blue-color\"><strong>Voir le mod\u00e8le g\u00e9n\u00e9ral ci-dessous <\/strong>(\u00e0 titre de simple exemple)<\/span><\/p>\n\n\n\n<div class=\"wp-block-image\"><figure class=\"aligncenter size-large\"><img loading=\"lazy\" width=\"442\" height=\"430\" src=\"https:\/\/i0.wp.com\/laplumedeloiseaulyre.com\/wp-content\/uploads\/2021\/04\/Capture-decran-2021-04-15-a-14.51.03.png?resize=442%2C430&#038;ssl=1\" alt=\"\" class=\"wp-image-11962\" srcset=\"https:\/\/i0.wp.com\/laplumedeloiseaulyre.com\/wp-content\/uploads\/2021\/04\/Capture-decran-2021-04-15-a-14.51.03.png?w=442 442w, https:\/\/i0.wp.com\/laplumedeloiseaulyre.com\/wp-content\/uploads\/2021\/04\/Capture-decran-2021-04-15-a-14.51.03.png?resize=300%2C292 300w, https:\/\/i0.wp.com\/laplumedeloiseaulyre.com\/wp-content\/uploads\/2021\/04\/Capture-decran-2021-04-15-a-14.51.03.png?resize=160%2C156 160w\" sizes=\"(max-width: 442px) 100vw, 442px\" data-recalc-dims=\"1\" \/><\/figure><\/div>\n\n\n\n<figure class=\"wp-block-image size-large\"><img loading=\"lazy\" width=\"768\" height=\"1024\" src=\"https:\/\/i0.wp.com\/laplumedeloiseaulyre.com\/wp-content\/uploads\/2021\/04\/4-768x1024.jpg?resize=768%2C1024&#038;ssl=1\" alt=\"\" class=\"wp-image-11968\" srcset=\"https:\/\/i2.wp.com\/laplumedeloiseaulyre.com\/wp-content\/uploads\/2021\/04\/4.jpg?resize=768%2C1024 768w, https:\/\/i2.wp.com\/laplumedeloiseaulyre.com\/wp-content\/uploads\/2021\/04\/4.jpg?resize=225%2C300 225w, https:\/\/i2.wp.com\/laplumedeloiseaulyre.com\/wp-content\/uploads\/2021\/04\/4.jpg?resize=1152%2C1536 1152w, https:\/\/i2.wp.com\/laplumedeloiseaulyre.com\/wp-content\/uploads\/2021\/04\/4.jpg?resize=1536%2C2048 1536w, https:\/\/i2.wp.com\/laplumedeloiseaulyre.com\/wp-content\/uploads\/2021\/04\/4.jpg?resize=560%2C747 560w, https:\/\/i2.wp.com\/laplumedeloiseaulyre.com\/wp-content\/uploads\/2021\/04\/4.jpg?resize=160%2C213 160w, https:\/\/i2.wp.com\/laplumedeloiseaulyre.com\/wp-content\/uploads\/2021\/04\/4.jpg?w=1575 1575w\" sizes=\"(max-width: 768px) 100vw, 768px\" data-recalc-dims=\"1\" \/><\/figure>\n\n\n\n<p><span class=\"has-inline-color has-vivid-cyan-blue-color\"><strong>\u00c9TAPE 4\/ <\/strong><\/span><span class=\"has-inline-color has-vivid-cyan-blue-color\">L&rsquo;envoyer par courrier postal \u00e0 GLSG en la pr\u00e9venant <\/span><span class=\"has-inline-color has-vivid-cyan-blue-color\"><a rel=\"noreferrer noopener\" data-type=\"page\" data-id=\"5771\" href=\"http:\/\/laplumedeloiseaulyre.com\/?page_id=5771\" target=\"_blank\">via le formulaire contact<\/a><\/span><span class=\"has-inline-color has-vivid-cyan-blue-color\"> (une remise en main propre est possible selon votre localisation) <\/span><\/p>\n\n\n\n<ul><li><span class=\"has-inline-color has-vivid-red-color\"><strong>PAS D&rsquo;INQUI\u00c9TUDE<\/strong> : si la plante vous semble difficile \u00e0 identifier, si vous avez un doute, envoyez-la quand m\u00eame en \u00e9crivant seulement les informations dont vous disposez ! Je la compl\u00e8terai moi-m\u00eame.<\/span><\/li><\/ul>\n\n\n\n<ul><li><span class=\"has-inline-color has-vivid-green-cyan-color\"><strong>CHOIX DU SP\u00c9CIMEN <\/strong>: Soyez libre de votre choix ! Il peut s&rsquo;agir d&rsquo;une fleur, d&rsquo;une feuille, d&rsquo;un arbre, d&rsquo;une racine, d&rsquo;une algue, d&rsquo;une foug\u00e8re, etc. L&rsquo;essentiel est que la plante soit mise en page avec finesse, bien \u00e9tal\u00e9e si possible. Vous pouvez ajouter un mot, un po\u00e8me, une citation si vous le souhaitez. <\/span><\/li><\/ul>\n\n\n\n<ul><li><span class=\"has-inline-color has-vivid-purple-color\"><strong>\u00c2GE <\/strong>: de 0 \u00e0 100 ans <\/span><\/li><\/ul>\n\n\n\n<ul><li><span class=\"has-inline-color has-vivid-cyan-blue-color\"><strong>NATIONALIT\u00c9 <\/strong>: tout pays, toute nation. Plus les plantes sont exotiques plus l&rsquo;herbier sera original ! <\/span><\/li><\/ul>\n\n\n\n<figure class=\"wp-block-image size-large\"><img loading=\"lazy\" width=\"860\" height=\"860\" src=\"https:\/\/i0.wp.com\/laplumedeloiseaulyre.com\/wp-content\/uploads\/2021\/04\/Objectif-1024x1024.jpg?resize=860%2C860&#038;ssl=1\" alt=\"\" class=\"wp-image-11972\" srcset=\"https:\/\/i0.wp.com\/laplumedeloiseaulyre.com\/wp-content\/uploads\/2021\/04\/Objectif.jpg?resize=1024%2C1024 1024w, https:\/\/i0.wp.com\/laplumedeloiseaulyre.com\/wp-content\/uploads\/2021\/04\/Objectif.jpg?resize=300%2C300 300w, https:\/\/i0.wp.com\/laplumedeloiseaulyre.com\/wp-content\/uploads\/2021\/04\/Objectif.jpg?resize=150%2C150 150w, https:\/\/i0.wp.com\/laplumedeloiseaulyre.com\/wp-content\/uploads\/2021\/04\/Objectif.jpg?resize=768%2C768 768w, https:\/\/i0.wp.com\/laplumedeloiseaulyre.com\/wp-content\/uploads\/2021\/04\/Objectif.jpg?resize=1536%2C1536 1536w, https:\/\/i0.wp.com\/laplumedeloiseaulyre.com\/wp-content\/uploads\/2021\/04\/Objectif.jpg?resize=560%2C560 560w, https:\/\/i0.wp.com\/laplumedeloiseaulyre.com\/wp-content\/uploads\/2021\/04\/Objectif.jpg?resize=160%2C160 160w, https:\/\/i0.wp.com\/laplumedeloiseaulyre.com\/wp-content\/uploads\/2021\/04\/Objectif.jpg?w=1818 1818w, https:\/\/i0.wp.com\/laplumedeloiseaulyre.com\/wp-content\/uploads\/2021\/04\/Objectif.jpg?w=1720 1720w\" sizes=\"(max-width: 860px) 100vw, 860px\" data-recalc-dims=\"1\" \/><\/figure>\n\n\n\n<p><\/p>\n\n\n\n<p><strong>\u00a9GLSG, le 15 avril 2021 <\/strong><\/p>\n","protected":false},"excerpt":{"rendered":"<p>Herbarium amicorum, ou &laquo;&nbsp;l&rsquo;herbier d&rsquo;amis&nbsp;&raquo; en latin est un projet lanc\u00e9 le jeudi 15 avril 2021 par Gabrielle de LSG sur le mod\u00e8le des antiques Liber Amicorum (&laquo;&nbsp;livre d&rsquo;amis&nbsp;&raquo; en latin). Il a pour but de rassembler dans un m\u00eame&hellip;<\/p>\n<p class=\"more-link-p\"><a class=\"more-link\" href=\"http:\/\/laplumedeloiseaulyre.com\/?page_id=11960\">Read more &rarr;<\/a><\/p>\n","protected":false},"author":1,"featured_media":0,"parent":0,"menu_order":0,"comment_status":"closed","ping_status":"closed","template":"","meta":{"spay_email":""},"jetpack_shortlink":"https:\/\/wp.me\/P4lzfC-36U","_links":{"self":[{"href":"http:\/\/laplumedeloiseaulyre.com\/index.php?rest_route=\/wp\/v2\/pages\/11960"}],"collection":[{"href":"http:\/\/laplumedeloiseaulyre.com\/index.php?rest_route=\/wp\/v2\/pages"}],"about":[{"href":"http:\/\/laplumedeloiseaulyre.com\/index.php?rest_route=\/wp\/v2\/types\/page"}],"author":[{"embeddable":true,"href":"http:\/\/laplumedeloiseaulyre.com\/index.php?rest_route=\/wp\/v2\/users\/1"}],"replies":[{"embeddable":true,"href":"http:\/\/laplumedeloiseaulyre.com\/index.php?rest_route=%2Fwp%2Fv2%2Fcomments&post=11960"}],"version-history":[{"count":14,"href":"http:\/\/laplumedeloiseaulyre.com\/index.php?rest_route=\/wp\/v2\/pages\/11960\/revisions"}],"predecessor-version":[{"id":14502,"href":"http:\/\/laplumedeloiseaulyre.com\/index.php?rest_route=\/wp\/v2\/pages\/11960\/revisions\/14502"}],"wp:attachment":[{"href":"http:\/\/laplumedeloiseaulyre.com\/index.php?rest_route=%2Fwp%2Fv2%2Fmedia&parent=11960"}],"curies":[{"name":"wp","href":"https:\/\/api.w.org\/{rel}","templated":true}]}}