{"id":11899,"date":"2021-03-18T22:45:57","date_gmt":"2021-03-18T22:45:57","guid":{"rendered":"http:\/\/laplumedeloiseaulyre.com\/?page_id=11899"},"modified":"2022-10-06T11:16:24","modified_gmt":"2022-10-06T11:16:24","slug":"sic-itur-ad-astra-triptyque-en-hommage-au-cedre-du-liban","status":"publish","type":"page","link":"http:\/\/laplumedeloiseaulyre.com\/?page_id=11899","title":{"rendered":"&laquo;&nbsp;Sic itur ad astra&nbsp;&raquo; (triptyque en hommage au Liban &#8211; 2020)"},"content":{"rendered":"\n<p class=\"has-text-align-center\" id=\"block-6655af8c-195a-404c-8713-0e4c5b465a1f\"><em>\u00ab Sic itur ad astra \u00bb<\/em><\/p>\n\n\n\n<figure class=\"wp-block-image\" id=\"block-a6b8d16f-7671-4186-8c5e-2e1624084284\"><img src=\"https:\/\/i0.wp.com\/laplumedeloiseaulyre.com\/wp-content\/uploads\/2021\/03\/161953260_436701870725631_3210783964241115925_n.jpg?resize=860%2C644\" alt=\"This image has an empty alt attribute; its file name is 161953260_436701870725631_3210783964241115925_n-1024x767.jpg\" data-recalc-dims=\"1\"\/><\/figure>\n\n\n\n<p id=\"block-902add2e-c73f-47c8-af15-9acaa2621c4f\">Ce triptyque de cyanotypes <strong>est constitu\u00e9 de trois tirages uniques&nbsp;effectu\u00e9s en ao\u00fbt 2020 avec des branches et des feuillages&nbsp;aciculaires&nbsp;de c\u00e8dres du Liban<\/strong> (<em>Cedrus libani<\/em>,&nbsp;fam. Pinaceae). Ces sp\u00e9cimens ont \u00e9t\u00e9 choisis pour leur symbolique : <strong>ils proviennent d\u2019un arbre originaire du Liban et transplant\u00e9 dans le sud de la France au d\u00e9but du 20e si\u00e8cle<\/strong>. A l\u2019\u00e9poque il faisait moins d\u20191 m\u00e8tre ! Il \u00e9tend aujourd\u2019hui ses branches \u00e0 plus de 15 m de haut en d\u00e9ployant&nbsp;son feuillage \u00e9tag\u00e9 avec noblesse.&nbsp;<\/p>\n\n\n\n<p id=\"block-a9981b3b-0e8a-484c-a0c5-d25d5be91118\"><strong>Arbre sacr\u00e9 mill\u00e9naire, le C\u00e8dre est symbole de force, de patience et de r\u00e9silience qui poss\u00e8de un feuillage&nbsp;persistant. Il r\u00e9siste aux variations climatique mais il est menac\u00e9 par la d\u00e9forestation<\/strong>.&nbsp;Cette oeuvre d\u2019art a \u00e9t\u00e9 faite apr\u00e8s la terrible explosion du port de Beyrouth le 4 ao\u00fbt 2020.&nbsp;L&rsquo;artiste GLSG a recueilli ces branches et ces &laquo;&nbsp;\u00e9toiles&nbsp;&raquo; d\u2019aiguilles pour les solariser avec la technique du cyanotype afin de cr\u00e9er un ciel rempli de ces astres symbolico-botaniques.&nbsp;<\/p>\n\n\n\n<figure class=\"wp-block-image\" id=\"block-7023c8f3-fc7b-4c1f-ad35-1ecf0fe242b9\"><img src=\"https:\/\/i1.wp.com\/laplumedeloiseaulyre.com\/wp-content\/uploads\/2021\/03\/2-1.jpg?resize=757%2C1024\" alt=\"This image has an empty alt attribute; its file name is 2-1-757x1024.jpg\" data-recalc-dims=\"1\"\/><\/figure>\n\n\n\n<p id=\"block-a7b27882-3334-437e-9497-ee3a756bbca9\"><br>&#8211;<strong> Le&nbsp;premier tirage <\/strong>repr\u00e9sente une branche de c\u00e8dre&nbsp;en souvenir de la longue amiti\u00e9 franco-libanaise&#8230;.qui remonte \u00e0 1250 comme un arbre g\u00e9n\u00e9alogique.&nbsp;<\/p>\n\n\n\n<figure class=\"wp-block-image\" id=\"block-48f51e6f-d082-4e66-9d54-8a9777374f7e\"><img src=\"https:\/\/i0.wp.com\/laplumedeloiseaulyre.com\/wp-content\/uploads\/2021\/03\/3-1.jpg?resize=768%2C1024\" alt=\"This image has an empty alt attribute; its file name is 3-1-768x1024.jpg\" data-recalc-dims=\"1\"\/><\/figure>\n\n\n\n<p id=\"block-76579418-b5d7-4bcc-af20-8beac701301b\"><strong>&#8211; Le second tirage<\/strong>, au centre, repr\u00e9sente le c\u00e8dre du drapeau du&nbsp;Liban.&nbsp;<\/p>\n\n\n\n<figure class=\"wp-block-image\" id=\"block-ca1b3ea8-d5a2-427d-8e52-4f9c33b73905\"><img src=\"https:\/\/i2.wp.com\/laplumedeloiseaulyre.com\/wp-content\/uploads\/2021\/03\/161992418_952763308866551_6618907845187626816_n.jpg?resize=750%2C1024\" alt=\"This image has an empty alt attribute; its file name is 161992418_952763308866551_6618907845187626816_n-750x1024.jpg\" data-recalc-dims=\"1\"\/><\/figure>\n\n\n\n<p id=\"block-f2381f8b-5f7e-4ddd-a464-48053ec5475a\"><strong>&#8211; Le troisi\u00e8me tirage <\/strong>repr\u00e9sente les feuilles&nbsp;aciculaires du C\u00e8dre, comme des \u00e9toiles,&nbsp;\u00e0 l\u2019image de toutes les \u00e2mes qui \u0153uvrent pour la reconstruction de ce pays et qui sont fortes quand elles sont unies pour le faire grandir et qu\u2019il rayonne malgr\u00e9 les temp\u00eates qui l\u2019assaillent.&nbsp;<\/p>\n\n\n\n<p id=\"block-784097a2-0ddc-4a81-905a-5fd633a24f76\">\u00ab\u00a0<em>Sic itur ad astra\u00a0<\/em>\u00bb est une locution latin du po\u00e8te Virgile qui donne son titre \u00e0 l&rsquo;oeuvre et signifie\u00a0<em>\u00ab\u00a0C\u2019est ainsi que l\u2019on s\u2019\u00e9l\u00e8ve vers les \u00e9toiles\u00a0\u00bb<\/em>. Cette devise invite \u00e0 fixer le ciel comme le C\u00e8dre du Liban qui cro\u00eet \u00e0 plus de 1000m d\u2019altitude.\u00a0<\/p>\n\n\n\n<p id=\"block-468d5a9b-bb47-4fa7-8c42-cafd9d723275\"><strong>Voir le diaporama ci-dessous<\/strong><\/p>\n\n\n\n<div class=\"wp-block-jetpack-slideshow aligncenter\" data-effect=\"slide\"><div class=\"wp-block-jetpack-slideshow_container swiper-container\"><ul class=\"wp-block-jetpack-slideshow_swiper-wrapper swiper-wrapper\"><li class=\"wp-block-jetpack-slideshow_slide swiper-slide\"><figure><img loading=\"lazy\" width=\"860\" height=\"645\" alt=\"\" class=\"wp-block-jetpack-slideshow_image wp-image-11893\" data-id=\"11893\" src=\"https:\/\/i2.wp.com\/laplumedeloiseaulyre.com\/wp-content\/uploads\/2021\/03\/12.jpg?resize=860%2C645\" srcset=\"https:\/\/i2.wp.com\/laplumedeloiseaulyre.com\/wp-content\/uploads\/2021\/03\/12.jpg?resize=1024%2C768 1024w, https:\/\/i2.wp.com\/laplumedeloiseaulyre.com\/wp-content\/uploads\/2021\/03\/12.jpg?resize=300%2C225 300w, https:\/\/i2.wp.com\/laplumedeloiseaulyre.com\/wp-content\/uploads\/2021\/03\/12.jpg?resize=768%2C576 768w, https:\/\/i2.wp.com\/laplumedeloiseaulyre.com\/wp-content\/uploads\/2021\/03\/12.jpg?resize=1536%2C1152 1536w, https:\/\/i2.wp.com\/laplumedeloiseaulyre.com\/wp-content\/uploads\/2021\/03\/12.jpg?resize=560%2C420 560w, https:\/\/i2.wp.com\/laplumedeloiseaulyre.com\/wp-content\/uploads\/2021\/03\/12.jpg?resize=160%2C120 160w, https:\/\/i2.wp.com\/laplumedeloiseaulyre.com\/wp-content\/uploads\/2021\/03\/12.jpg?w=2048 2048w, https:\/\/i2.wp.com\/laplumedeloiseaulyre.com\/wp-content\/uploads\/2021\/03\/12.jpg?w=1720 1720w\" sizes=\"(max-width: 860px) 100vw, 860px\" data-recalc-dims=\"1\" \/><\/figure><\/li><li class=\"wp-block-jetpack-slideshow_slide swiper-slide\"><figure><img loading=\"lazy\" width=\"768\" height=\"1024\" alt=\"\" class=\"wp-block-jetpack-slideshow_image wp-image-11888\" data-id=\"11888\" src=\"https:\/\/i2.wp.com\/laplumedeloiseaulyre.com\/wp-content\/uploads\/2021\/03\/6.jpg?resize=768%2C1024\" srcset=\"https:\/\/i2.wp.com\/laplumedeloiseaulyre.com\/wp-content\/uploads\/2021\/03\/6.jpg?resize=768%2C1024 768w, https:\/\/i2.wp.com\/laplumedeloiseaulyre.com\/wp-content\/uploads\/2021\/03\/6.jpg?resize=225%2C300 225w, https:\/\/i2.wp.com\/laplumedeloiseaulyre.com\/wp-content\/uploads\/2021\/03\/6.jpg?resize=1152%2C1536 1152w, https:\/\/i2.wp.com\/laplumedeloiseaulyre.com\/wp-content\/uploads\/2021\/03\/6.jpg?resize=560%2C747 560w, https:\/\/i2.wp.com\/laplumedeloiseaulyre.com\/wp-content\/uploads\/2021\/03\/6.jpg?resize=160%2C213 160w, https:\/\/i2.wp.com\/laplumedeloiseaulyre.com\/wp-content\/uploads\/2021\/03\/6.jpg?w=1536 1536w\" sizes=\"(max-width: 768px) 100vw, 768px\" data-recalc-dims=\"1\" \/><\/figure><\/li><li class=\"wp-block-jetpack-slideshow_slide swiper-slide\"><figure><img loading=\"lazy\" width=\"768\" height=\"1024\" alt=\"\" class=\"wp-block-jetpack-slideshow_image wp-image-11889\" data-id=\"11889\" src=\"https:\/\/i0.wp.com\/laplumedeloiseaulyre.com\/wp-content\/uploads\/2021\/03\/7.jpg?resize=768%2C1024\" srcset=\"https:\/\/i0.wp.com\/laplumedeloiseaulyre.com\/wp-content\/uploads\/2021\/03\/7.jpg?resize=768%2C1024 768w, https:\/\/i0.wp.com\/laplumedeloiseaulyre.com\/wp-content\/uploads\/2021\/03\/7.jpg?resize=225%2C300 225w, https:\/\/i0.wp.com\/laplumedeloiseaulyre.com\/wp-content\/uploads\/2021\/03\/7.jpg?resize=1152%2C1536 1152w, https:\/\/i0.wp.com\/laplumedeloiseaulyre.com\/wp-content\/uploads\/2021\/03\/7.jpg?resize=560%2C747 560w, https:\/\/i0.wp.com\/laplumedeloiseaulyre.com\/wp-content\/uploads\/2021\/03\/7.jpg?resize=160%2C213 160w, https:\/\/i0.wp.com\/laplumedeloiseaulyre.com\/wp-content\/uploads\/2021\/03\/7.jpg?w=1536 1536w\" sizes=\"(max-width: 768px) 100vw, 768px\" data-recalc-dims=\"1\" \/><\/figure><\/li><li class=\"wp-block-jetpack-slideshow_slide swiper-slide\"><figure><img loading=\"lazy\" width=\"768\" height=\"1024\" alt=\"\" class=\"wp-block-jetpack-slideshow_image wp-image-11890\" data-id=\"11890\" src=\"https:\/\/i2.wp.com\/laplumedeloiseaulyre.com\/wp-content\/uploads\/2021\/03\/8.jpg?resize=768%2C1024\" srcset=\"https:\/\/i2.wp.com\/laplumedeloiseaulyre.com\/wp-content\/uploads\/2021\/03\/8.jpg?resize=768%2C1024 768w, https:\/\/i2.wp.com\/laplumedeloiseaulyre.com\/wp-content\/uploads\/2021\/03\/8.jpg?resize=225%2C300 225w, https:\/\/i2.wp.com\/laplumedeloiseaulyre.com\/wp-content\/uploads\/2021\/03\/8.jpg?resize=1152%2C1536 1152w, https:\/\/i2.wp.com\/laplumedeloiseaulyre.com\/wp-content\/uploads\/2021\/03\/8.jpg?resize=560%2C747 560w, https:\/\/i2.wp.com\/laplumedeloiseaulyre.com\/wp-content\/uploads\/2021\/03\/8.jpg?resize=160%2C213 160w, https:\/\/i2.wp.com\/laplumedeloiseaulyre.com\/wp-content\/uploads\/2021\/03\/8.jpg?w=1536 1536w\" sizes=\"(max-width: 768px) 100vw, 768px\" data-recalc-dims=\"1\" \/><\/figure><\/li><li class=\"wp-block-jetpack-slideshow_slide swiper-slide\"><figure><img loading=\"lazy\" width=\"768\" height=\"1024\" alt=\"\" class=\"wp-block-jetpack-slideshow_image wp-image-11891\" data-id=\"11891\" src=\"https:\/\/i2.wp.com\/laplumedeloiseaulyre.com\/wp-content\/uploads\/2021\/03\/9.jpg?resize=768%2C1024\" srcset=\"https:\/\/i2.wp.com\/laplumedeloiseaulyre.com\/wp-content\/uploads\/2021\/03\/9.jpg?resize=768%2C1024 768w, https:\/\/i2.wp.com\/laplumedeloiseaulyre.com\/wp-content\/uploads\/2021\/03\/9.jpg?resize=225%2C300 225w, https:\/\/i2.wp.com\/laplumedeloiseaulyre.com\/wp-content\/uploads\/2021\/03\/9.jpg?resize=1152%2C1536 1152w, https:\/\/i2.wp.com\/laplumedeloiseaulyre.com\/wp-content\/uploads\/2021\/03\/9.jpg?resize=560%2C747 560w, https:\/\/i2.wp.com\/laplumedeloiseaulyre.com\/wp-content\/uploads\/2021\/03\/9.jpg?resize=160%2C213 160w, https:\/\/i2.wp.com\/laplumedeloiseaulyre.com\/wp-content\/uploads\/2021\/03\/9.jpg?w=1536 1536w\" sizes=\"(max-width: 768px) 100vw, 768px\" data-recalc-dims=\"1\" \/><\/figure><\/li><li class=\"wp-block-jetpack-slideshow_slide swiper-slide\"><figure><img loading=\"lazy\" width=\"860\" height=\"860\" alt=\"\" class=\"wp-block-jetpack-slideshow_image wp-image-11892\" data-id=\"11892\" src=\"https:\/\/i1.wp.com\/laplumedeloiseaulyre.com\/wp-content\/uploads\/2021\/03\/11.jpg?resize=860%2C860\" srcset=\"https:\/\/i1.wp.com\/laplumedeloiseaulyre.com\/wp-content\/uploads\/2021\/03\/11.jpg?resize=1024%2C1024 1024w, https:\/\/i1.wp.com\/laplumedeloiseaulyre.com\/wp-content\/uploads\/2021\/03\/11.jpg?resize=300%2C300 300w, https:\/\/i1.wp.com\/laplumedeloiseaulyre.com\/wp-content\/uploads\/2021\/03\/11.jpg?resize=150%2C150 150w, https:\/\/i1.wp.com\/laplumedeloiseaulyre.com\/wp-content\/uploads\/2021\/03\/11.jpg?resize=768%2C768 768w, https:\/\/i1.wp.com\/laplumedeloiseaulyre.com\/wp-content\/uploads\/2021\/03\/11.jpg?resize=1536%2C1536 1536w, https:\/\/i1.wp.com\/laplumedeloiseaulyre.com\/wp-content\/uploads\/2021\/03\/11.jpg?resize=560%2C560 560w, https:\/\/i1.wp.com\/laplumedeloiseaulyre.com\/wp-content\/uploads\/2021\/03\/11.jpg?resize=160%2C160 160w, https:\/\/i1.wp.com\/laplumedeloiseaulyre.com\/wp-content\/uploads\/2021\/03\/11.jpg?w=2048 2048w, https:\/\/i1.wp.com\/laplumedeloiseaulyre.com\/wp-content\/uploads\/2021\/03\/11.jpg?w=1720 1720w\" sizes=\"(max-width: 860px) 100vw, 860px\" data-recalc-dims=\"1\" \/><\/figure><\/li><li class=\"wp-block-jetpack-slideshow_slide swiper-slide\"><figure><img loading=\"lazy\" width=\"860\" height=\"645\" alt=\"\" class=\"wp-block-jetpack-slideshow_image wp-image-11887\" data-id=\"11887\" src=\"https:\/\/i0.wp.com\/laplumedeloiseaulyre.com\/wp-content\/uploads\/2021\/03\/5.jpg?resize=860%2C645\" srcset=\"https:\/\/i0.wp.com\/laplumedeloiseaulyre.com\/wp-content\/uploads\/2021\/03\/5.jpg?resize=1024%2C768 1024w, https:\/\/i0.wp.com\/laplumedeloiseaulyre.com\/wp-content\/uploads\/2021\/03\/5.jpg?resize=300%2C225 300w, https:\/\/i0.wp.com\/laplumedeloiseaulyre.com\/wp-content\/uploads\/2021\/03\/5.jpg?resize=768%2C576 768w, https:\/\/i0.wp.com\/laplumedeloiseaulyre.com\/wp-content\/uploads\/2021\/03\/5.jpg?resize=1536%2C1152 1536w, https:\/\/i0.wp.com\/laplumedeloiseaulyre.com\/wp-content\/uploads\/2021\/03\/5.jpg?resize=560%2C420 560w, https:\/\/i0.wp.com\/laplumedeloiseaulyre.com\/wp-content\/uploads\/2021\/03\/5.jpg?resize=160%2C120 160w, https:\/\/i0.wp.com\/laplumedeloiseaulyre.com\/wp-content\/uploads\/2021\/03\/5.jpg?w=2048 2048w, https:\/\/i0.wp.com\/laplumedeloiseaulyre.com\/wp-content\/uploads\/2021\/03\/5.jpg?w=1720 1720w\" sizes=\"(max-width: 860px) 100vw, 860px\" data-recalc-dims=\"1\" \/><\/figure><\/li><\/ul><a class=\"wp-block-jetpack-slideshow_button-prev swiper-button-prev swiper-button-white\" role=\"button\"><\/a><a class=\"wp-block-jetpack-slideshow_button-next swiper-button-next swiper-button-white\" role=\"button\"><\/a><a aria-label=\"Pause Slideshow\" class=\"wp-block-jetpack-slideshow_button-pause\" role=\"button\"><\/a><div class=\"wp-block-jetpack-slideshow_pagination swiper-pagination swiper-pagination-white\"><\/div><\/div><\/div>\n\n\n\n<p id=\"block-ff5df4cc-af0d-48af-897f-77d8bc4bf65d\"><br><strong>\u00a9GLSG, format 30&#215;40 cm par tirage, cyanotype, ao\u00fbt 2020<\/strong><\/p>\n\n\n\n<p id=\"block-ff5df4cc-af0d-48af-897f-77d8bc4bf65d\"><strong><span class=\"has-inline-color has-vivid-cyan-blue-color\"> Collection particuli\u00e8re <\/span><\/strong><br><\/p>\n","protected":false},"excerpt":{"rendered":"<p>\u00ab Sic itur ad astra \u00bb Ce triptyque de cyanotypes est constitu\u00e9 de trois tirages uniques&nbsp;effectu\u00e9s en ao\u00fbt 2020 avec des branches et des feuillages&nbsp;aciculaires&nbsp;de c\u00e8dres du Liban (Cedrus libani,&nbsp;fam. Pinaceae). Ces sp\u00e9cimens ont \u00e9t\u00e9 choisis pour leur symbolique :&hellip;<\/p>\n<p class=\"more-link-p\"><a class=\"more-link\" href=\"http:\/\/laplumedeloiseaulyre.com\/?page_id=11899\">Read more &rarr;<\/a><\/p>\n","protected":false},"author":1,"featured_media":0,"parent":0,"menu_order":0,"comment_status":"closed","ping_status":"closed","template":"","meta":{"spay_email":""},"jetpack_shortlink":"https:\/\/wp.me\/P4lzfC-35V","_links":{"self":[{"href":"http:\/\/laplumedeloiseaulyre.com\/index.php?rest_route=\/wp\/v2\/pages\/11899"}],"collection":[{"href":"http:\/\/laplumedeloiseaulyre.com\/index.php?rest_route=\/wp\/v2\/pages"}],"about":[{"href":"http:\/\/laplumedeloiseaulyre.com\/index.php?rest_route=\/wp\/v2\/types\/page"}],"author":[{"embeddable":true,"href":"http:\/\/laplumedeloiseaulyre.com\/index.php?rest_route=\/wp\/v2\/users\/1"}],"replies":[{"embeddable":true,"href":"http:\/\/laplumedeloiseaulyre.com\/index.php?rest_route=%2Fwp%2Fv2%2Fcomments&post=11899"}],"version-history":[{"count":7,"href":"http:\/\/laplumedeloiseaulyre.com\/index.php?rest_route=\/wp\/v2\/pages\/11899\/revisions"}],"predecessor-version":[{"id":14083,"href":"http:\/\/laplumedeloiseaulyre.com\/index.php?rest_route=\/wp\/v2\/pages\/11899\/revisions\/14083"}],"wp:attachment":[{"href":"http:\/\/laplumedeloiseaulyre.com\/index.php?rest_route=%2Fwp%2Fv2%2Fmedia&parent=11899"}],"curies":[{"name":"wp","href":"https:\/\/api.w.org\/{rel}","templated":true}]}}