{"id":10672,"date":"2020-06-16T12:47:06","date_gmt":"2020-06-16T12:47:06","guid":{"rendered":"http:\/\/laplumedeloiseaulyre.com\/?page_id=10672"},"modified":"2020-08-02T13:39:55","modified_gmt":"2020-08-02T13:39:55","slug":"carnets-de-timbres-personnalises","status":"publish","type":"page","link":"http:\/\/laplumedeloiseaulyre.com\/?page_id=10672","title":{"rendered":"Carnets de timbres personnalis\u00e9s (2020)"},"content":{"rendered":"<div id=\"attachment_10673\" style=\"width: 762px\" class=\"wp-caption aligncenter\"><img aria-describedby=\"caption-attachment-10673\" loading=\"lazy\" class=\"wp-image-10673 size-large\" src=\"https:\/\/i2.wp.com\/laplumedeloiseaulyre.com\/wp-content\/uploads\/2020\/06\/894E76F0-311C-447E-B85E-3526AF4A0294-1.jpg?resize=752%2C752\" width=\"752\" height=\"752\" srcset=\"https:\/\/i2.wp.com\/laplumedeloiseaulyre.com\/wp-content\/uploads\/2020\/06\/894E76F0-311C-447E-B85E-3526AF4A0294-1.jpg?resize=1024%2C1024 1024w, https:\/\/i2.wp.com\/laplumedeloiseaulyre.com\/wp-content\/uploads\/2020\/06\/894E76F0-311C-447E-B85E-3526AF4A0294-1.jpg?resize=150%2C150 150w, https:\/\/i2.wp.com\/laplumedeloiseaulyre.com\/wp-content\/uploads\/2020\/06\/894E76F0-311C-447E-B85E-3526AF4A0294-1.jpg?resize=300%2C300 300w, https:\/\/i2.wp.com\/laplumedeloiseaulyre.com\/wp-content\/uploads\/2020\/06\/894E76F0-311C-447E-B85E-3526AF4A0294-1.jpg?resize=768%2C768 768w, https:\/\/i2.wp.com\/laplumedeloiseaulyre.com\/wp-content\/uploads\/2020\/06\/894E76F0-311C-447E-B85E-3526AF4A0294-1.jpg?resize=560%2C560 560w, https:\/\/i2.wp.com\/laplumedeloiseaulyre.com\/wp-content\/uploads\/2020\/06\/894E76F0-311C-447E-B85E-3526AF4A0294-1.jpg?resize=160%2C160 160w, https:\/\/i2.wp.com\/laplumedeloiseaulyre.com\/wp-content\/uploads\/2020\/06\/894E76F0-311C-447E-B85E-3526AF4A0294-1.jpg?w=1720 1720w, https:\/\/i2.wp.com\/laplumedeloiseaulyre.com\/wp-content\/uploads\/2020\/06\/894E76F0-311C-447E-B85E-3526AF4A0294-1.jpg?w=2580 2580w\" sizes=\"(max-width: 752px) 100vw, 752px\" data-recalc-dims=\"1\" \/><p id=\"caption-attachment-10673\" class=\"wp-caption-text\"><strong>Les timbres-cyanotypes de GLSG <\/strong><\/p><\/div>\n<p style=\"text-align: justify;\">Sur demande, il est possible de cr\u00e9er des carnets de timbres personnalis\u00e9s avec un cyanotype de votre choix pour un \u00e9v\u00e8nement particulier: mariage, naissance, soir\u00e9e, etc. \u00c9crivez ici via le\u00a0<a href=\"http:\/\/laplumedeloiseaulyre.com\/?page_id=5771\" target=\"_blank\">\u00a0formulaire de contact\u00a0<\/a>pour nous faire part de votre demande. Nous vous r\u00e9pondrons dans les plus brefs d\u00e9lais en adaptant notre devis \u00e0 vos souhaits\u00a0!<\/p>\n<p style=\"text-align: justify;\"><strong>Voir la galerie ci-dessous<\/strong><\/p>\n<p class=\"jetpack-slideshow-noscript robots-nocontent\">Ce diaporama n\u00e9cessite JavaScript.<\/p><div id=\"gallery-10672-1-slideshow\" class=\"slideshow-window jetpack-slideshow slideshow-black\" data-trans=\"fade\" data-autostart=\"1\" data-gallery=\"[{&quot;src&quot;:&quot;https:\\\/\\\/i2.wp.com\\\/laplumedeloiseaulyre.com\\\/wp-content\\\/uploads\\\/2020\\\/06\\\/120F462C-6F23-4928-8C66-5A1BBEFE5733.jpg?fit=860%2C860&quot;,&quot;id&quot;:&quot;10674&quot;,&quot;title&quot;:&quot;120F462C-6F23-4928-8C66-5A1BBEFE5733&quot;,&quot;alt&quot;:&quot;&quot;,&quot;caption&quot;:&quot;&quot;,&quot;itemprop&quot;:&quot;image&quot;},{&quot;src&quot;:&quot;https:\\\/\\\/i1.wp.com\\\/laplumedeloiseaulyre.com\\\/wp-content\\\/uploads\\\/2020\\\/06\\\/68B3BD7A-441D-4ABB-8F70-C8E8BDE84DBC.jpg?fit=860%2C860&quot;,&quot;id&quot;:&quot;10675&quot;,&quot;title&quot;:&quot;68B3BD7A-441D-4ABB-8F70-C8E8BDE84DBC&quot;,&quot;alt&quot;:&quot;&quot;,&quot;caption&quot;:&quot;&quot;,&quot;itemprop&quot;:&quot;image&quot;},{&quot;src&quot;:&quot;https:\\\/\\\/i0.wp.com\\\/laplumedeloiseaulyre.com\\\/wp-content\\\/uploads\\\/2020\\\/06\\\/IMG_8069.jpg?fit=860%2C894&quot;,&quot;id&quot;:&quot;10676&quot;,&quot;title&quot;:&quot;IMG_8069&quot;,&quot;alt&quot;:&quot;&quot;,&quot;caption&quot;:&quot;&quot;,&quot;itemprop&quot;:&quot;image&quot;},{&quot;src&quot;:&quot;https:\\\/\\\/i2.wp.com\\\/laplumedeloiseaulyre.com\\\/wp-content\\\/uploads\\\/2020\\\/06\\\/894E76F0-311C-447E-B85E-3526AF4A0294-1.jpg?fit=860%2C860&quot;,&quot;id&quot;:&quot;10673&quot;,&quot;title&quot;:&quot;894E76F0-311C-447E-B85E-3526AF4A0294-1&quot;,&quot;alt&quot;:&quot;&quot;,&quot;caption&quot;:&quot;&quot;,&quot;itemprop&quot;:&quot;image&quot;}]\" itemscope itemtype=\"https:\/\/schema.org\/ImageGallery\"><\/div>\n","protected":false},"excerpt":{"rendered":"<p>Sur demande, il est possible de cr\u00e9er des carnets de timbres personnalis\u00e9s avec un cyanotype de votre choix pour un \u00e9v\u00e8nement particulier: mariage, naissance, soir\u00e9e, etc. \u00c9crivez ici via le\u00a0\u00a0formulaire de contact\u00a0pour nous faire part de votre demande. Nous vous&hellip;<\/p>\n<p class=\"more-link-p\"><a class=\"more-link\" href=\"http:\/\/laplumedeloiseaulyre.com\/?page_id=10672\">Read more &rarr;<\/a><\/p>\n","protected":false},"author":1,"featured_media":0,"parent":9367,"menu_order":0,"comment_status":"closed","ping_status":"closed","template":"","meta":{"spay_email":""},"jetpack_shortlink":"https:\/\/wp.me\/P4lzfC-2M8","_links":{"self":[{"href":"http:\/\/laplumedeloiseaulyre.com\/index.php?rest_route=\/wp\/v2\/pages\/10672"}],"collection":[{"href":"http:\/\/laplumedeloiseaulyre.com\/index.php?rest_route=\/wp\/v2\/pages"}],"about":[{"href":"http:\/\/laplumedeloiseaulyre.com\/index.php?rest_route=\/wp\/v2\/types\/page"}],"author":[{"embeddable":true,"href":"http:\/\/laplumedeloiseaulyre.com\/index.php?rest_route=\/wp\/v2\/users\/1"}],"replies":[{"embeddable":true,"href":"http:\/\/laplumedeloiseaulyre.com\/index.php?rest_route=%2Fwp%2Fv2%2Fcomments&post=10672"}],"version-history":[{"count":6,"href":"http:\/\/laplumedeloiseaulyre.com\/index.php?rest_route=\/wp\/v2\/pages\/10672\/revisions"}],"predecessor-version":[{"id":10893,"href":"http:\/\/laplumedeloiseaulyre.com\/index.php?rest_route=\/wp\/v2\/pages\/10672\/revisions\/10893"}],"up":[{"embeddable":true,"href":"http:\/\/laplumedeloiseaulyre.com\/index.php?rest_route=\/wp\/v2\/pages\/9367"}],"wp:attachment":[{"href":"http:\/\/laplumedeloiseaulyre.com\/index.php?rest_route=%2Fwp%2Fv2%2Fmedia&parent=10672"}],"curies":[{"name":"wp","href":"https:\/\/api.w.org\/{rel}","templated":true}]}}