{"id":10247,"date":"2019-11-14T15:19:35","date_gmt":"2019-11-14T15:19:35","guid":{"rendered":"http:\/\/laplumedeloiseaulyre.com\/?page_id=10247"},"modified":"2024-02-29T23:16:32","modified_gmt":"2024-02-29T23:16:32","slug":"a-la-cour-doutremer-serie-dornements-pour-la-reine-dun-jardin-imaginaire-ete-2019","status":"publish","type":"page","link":"http:\/\/laplumedeloiseaulyre.com\/?page_id=10247","title":{"rendered":"\u00c0 la Cour d&rsquo;Outremer (s\u00e9rie d&rsquo;ornements pour la reine d&rsquo;un jardin imaginaire &#8211; 2019\/en cours)"},"content":{"rendered":"<p style=\"text-align: justify;\"><span style=\"color: #3366ff;\">Cette s\u00e9rie de 7 cyanotypes est d\u00e9di\u00e9e&nbsp;aux ornements d\u2019une reine d\u2019un jardin. Ici, les fleurs et les feuilles se transforment en sceptre, en manteaux, brocards et broderies pour v\u00eatir d\u2019un r\u00eave d\u2019outremer la Cour de Dame Nature et pour que dure la beaut\u00e9 du Bleu.<\/span><\/p>\n<p><span style=\"color: #999999;\"><strong>DESCRIPTION&nbsp;<\/strong><\/span><br \/>\n<span style=\"color: #999999;\">s\u00e9rie de 7 cyanotypes<\/span><br \/>\n<span style=\"color: #999999;\">30 x 41.5 cm (environ)<\/span><br \/>\n<span style=\"color: #999999;\">r\u00e9alis\u00e9s durant l&rsquo;\u00e9t\u00e9 2019&nbsp;<\/span><br \/>\n<span style=\"color: #999999;\">sign\u00e9s et dat\u00e9s \/ \u00a9Gabrielle de Lassus Saint-Geni\u00e8s<\/span><\/p>\n<p><span style=\"color: #ff6600;\"><strong>Note importante :<\/strong> &nbsp;la mention \u00ab collection de \u00bb qui figure sous les photos des cyanotypes indique que l\u2019oeuvre est d\u00e9j\u00e0 entr\u00e9e dans une collection et qu\u2019elle n\u2019est plus disponible \u00e0 la vente. En revanche un tirage dans le m\u00eame esprit peut \u00eatre r\u00e9alis\u00e9 si vous tenez plus particuli\u00e8rement \u00e0 un mod\u00e8le ou \u00e0 une composition.<\/span><\/p>\n<div id='gallery-1' class='gallery galleryid-10247 gallery-columns-3 gallery-size-thumbnail'><dl class='gallery-item'>\n\t\t\t<dt class='gallery-icon portrait'>\n\t\t\t\t<a href='http:\/\/laplumedeloiseaulyre.com\/?attachment_id=10239'><img width=\"150\" height=\"150\" src=\"https:\/\/i0.wp.com\/laplumedeloiseaulyre.com\/wp-content\/uploads\/2019\/11\/1_Brocard_des_Moissons_GLSG.jpg?resize=150%2C150\" class=\"attachment-thumbnail size-thumbnail\" alt=\"\" loading=\"lazy\" aria-describedby=\"gallery-1-10239\" srcset=\"https:\/\/i0.wp.com\/laplumedeloiseaulyre.com\/wp-content\/uploads\/2019\/11\/1_Brocard_des_Moissons_GLSG.jpg?resize=150%2C150 150w, https:\/\/i0.wp.com\/laplumedeloiseaulyre.com\/wp-content\/uploads\/2019\/11\/1_Brocard_des_Moissons_GLSG.jpg?zoom=2&amp;resize=150%2C150 300w, https:\/\/i0.wp.com\/laplumedeloiseaulyre.com\/wp-content\/uploads\/2019\/11\/1_Brocard_des_Moissons_GLSG.jpg?zoom=3&amp;resize=150%2C150 450w\" sizes=\"(max-width: 150px) 100vw, 150px\" \/><\/a>\n\t\t\t<\/dt>\n\t\t\t\t<dd class='wp-caption-text gallery-caption' id='gallery-1-10239'>\n\t\t\t\tBrocard des Moissons (Petroselinum segetum, Apiaceae) cyanotype, 30&#215;41.5cm, 2019, collection D.M.  \u00a9GLSG\n\t\t\t\t<\/dd><\/dl><dl class='gallery-item'>\n\t\t\t<dt class='gallery-icon portrait'>\n\t\t\t\t<a href='http:\/\/laplumedeloiseaulyre.com\/?attachment_id=10240'><img width=\"150\" height=\"150\" src=\"https:\/\/i1.wp.com\/laplumedeloiseaulyre.com\/wp-content\/uploads\/2019\/11\/2_Sceptre_d_ombellules_GLSG.jpg?resize=150%2C150\" class=\"attachment-thumbnail size-thumbnail\" alt=\"\" loading=\"lazy\" aria-describedby=\"gallery-1-10240\" srcset=\"https:\/\/i1.wp.com\/laplumedeloiseaulyre.com\/wp-content\/uploads\/2019\/11\/2_Sceptre_d_ombellules_GLSG.jpg?resize=150%2C150 150w, https:\/\/i1.wp.com\/laplumedeloiseaulyre.com\/wp-content\/uploads\/2019\/11\/2_Sceptre_d_ombellules_GLSG.jpg?zoom=2&amp;resize=150%2C150 300w, https:\/\/i1.wp.com\/laplumedeloiseaulyre.com\/wp-content\/uploads\/2019\/11\/2_Sceptre_d_ombellules_GLSG.jpg?zoom=3&amp;resize=150%2C150 450w\" sizes=\"(max-width: 150px) 100vw, 150px\" \/><\/a>\n\t\t\t<\/dt>\n\t\t\t\t<dd class='wp-caption-text gallery-caption' id='gallery-1-10240'>\n\t\t\t\tSceptre d\u2019Ombellules (Anethum graveolens, Apiaceae) cyanotype, 30&#215;41.5cm, 2019, collection M. d\u2019A. \u00a9GLSG\n\t\t\t\t<\/dd><\/dl><dl class='gallery-item'>\n\t\t\t<dt class='gallery-icon portrait'>\n\t\t\t\t<a href='http:\/\/laplumedeloiseaulyre.com\/?attachment_id=10241'><img width=\"150\" height=\"150\" src=\"https:\/\/i2.wp.com\/laplumedeloiseaulyre.com\/wp-content\/uploads\/2019\/11\/3_Cheveux-d\u2019ange.jpg?resize=150%2C150\" class=\"attachment-thumbnail size-thumbnail\" alt=\"\" loading=\"lazy\" aria-describedby=\"gallery-1-10241\" srcset=\"https:\/\/i2.wp.com\/laplumedeloiseaulyre.com\/wp-content\/uploads\/2019\/11\/3_Cheveux-d\u2019ange.jpg?resize=150%2C150 150w, https:\/\/i2.wp.com\/laplumedeloiseaulyre.com\/wp-content\/uploads\/2019\/11\/3_Cheveux-d\u2019ange.jpg?zoom=2&amp;resize=150%2C150 300w, https:\/\/i2.wp.com\/laplumedeloiseaulyre.com\/wp-content\/uploads\/2019\/11\/3_Cheveux-d\u2019ange.jpg?zoom=3&amp;resize=150%2C150 450w\" sizes=\"(max-width: 150px) 100vw, 150px\" \/><\/a>\n\t\t\t<\/dt>\n\t\t\t\t<dd class='wp-caption-text gallery-caption' id='gallery-1-10241'>\n\t\t\t\tCheveux d\u2019ange (Stipa tenuifolia, Poaceae) cyanotype, 30&#215;41.5cm, 2019, collection D.M.  \u00a9GLSG\n\t\t\t\t<\/dd><\/dl><br style=\"clear: both\" \/><dl class='gallery-item'>\n\t\t\t<dt class='gallery-icon portrait'>\n\t\t\t\t<a href='http:\/\/laplumedeloiseaulyre.com\/?attachment_id=10242'><img width=\"150\" height=\"150\" src=\"https:\/\/i1.wp.com\/laplumedeloiseaulyre.com\/wp-content\/uploads\/2019\/11\/4_Eventails_du_jardin.jpg?resize=150%2C150\" class=\"attachment-thumbnail size-thumbnail\" alt=\"\" loading=\"lazy\" aria-describedby=\"gallery-1-10242\" srcset=\"https:\/\/i1.wp.com\/laplumedeloiseaulyre.com\/wp-content\/uploads\/2019\/11\/4_Eventails_du_jardin.jpg?resize=150%2C150 150w, https:\/\/i1.wp.com\/laplumedeloiseaulyre.com\/wp-content\/uploads\/2019\/11\/4_Eventails_du_jardin.jpg?zoom=2&amp;resize=150%2C150 300w, https:\/\/i1.wp.com\/laplumedeloiseaulyre.com\/wp-content\/uploads\/2019\/11\/4_Eventails_du_jardin.jpg?zoom=3&amp;resize=150%2C150 450w\" sizes=\"(max-width: 150px) 100vw, 150px\" \/><\/a>\n\t\t\t<\/dt>\n\t\t\t\t<dd class='wp-caption-text gallery-caption' id='gallery-1-10242'>\n\t\t\t\t\u00c9ventails du jardin (Gingko biloba, Gingkoaceae) cyanotype, 30&#215;41.5cm, 2019, prix sur demande (non encadr\u00e9) \u00a9GLSG\n\t\t\t\t<\/dd><\/dl><dl class='gallery-item'>\n\t\t\t<dt class='gallery-icon portrait'>\n\t\t\t\t<a href='http:\/\/laplumedeloiseaulyre.com\/?attachment_id=10243'><img width=\"150\" height=\"150\" src=\"https:\/\/i0.wp.com\/laplumedeloiseaulyre.com\/wp-content\/uploads\/2019\/11\/5_Soierie_de_Gypsophiles.jpg?resize=150%2C150\" class=\"attachment-thumbnail size-thumbnail\" alt=\"\" loading=\"lazy\" aria-describedby=\"gallery-1-10243\" srcset=\"https:\/\/i0.wp.com\/laplumedeloiseaulyre.com\/wp-content\/uploads\/2019\/11\/5_Soierie_de_Gypsophiles.jpg?resize=150%2C150 150w, https:\/\/i0.wp.com\/laplumedeloiseaulyre.com\/wp-content\/uploads\/2019\/11\/5_Soierie_de_Gypsophiles.jpg?zoom=2&amp;resize=150%2C150 300w, https:\/\/i0.wp.com\/laplumedeloiseaulyre.com\/wp-content\/uploads\/2019\/11\/5_Soierie_de_Gypsophiles.jpg?zoom=3&amp;resize=150%2C150 450w\" sizes=\"(max-width: 150px) 100vw, 150px\" \/><\/a>\n\t\t\t<\/dt>\n\t\t\t\t<dd class='wp-caption-text gallery-caption' id='gallery-1-10243'>\n\t\t\t\tSoierie de Gypsophiles (Gypsophila paniculata, Caryophyllaceae) cyanotype, 30&#215;41.5cm, 2019, prix sur demande (non encadr\u00e9) \u00a9GLSG\n\t\t\t\t<\/dd><\/dl><dl class='gallery-item'>\n\t\t\t<dt class='gallery-icon portrait'>\n\t\t\t\t<a href='http:\/\/laplumedeloiseaulyre.com\/?attachment_id=10244'><img width=\"150\" height=\"150\" src=\"https:\/\/i2.wp.com\/laplumedeloiseaulyre.com\/wp-content\/uploads\/2019\/11\/6_Broderies_de_la_Reine.jpg?resize=150%2C150\" class=\"attachment-thumbnail size-thumbnail\" alt=\"\" loading=\"lazy\" aria-describedby=\"gallery-1-10244\" srcset=\"https:\/\/i2.wp.com\/laplumedeloiseaulyre.com\/wp-content\/uploads\/2019\/11\/6_Broderies_de_la_Reine.jpg?resize=150%2C150 150w, https:\/\/i2.wp.com\/laplumedeloiseaulyre.com\/wp-content\/uploads\/2019\/11\/6_Broderies_de_la_Reine.jpg?zoom=2&amp;resize=150%2C150 300w, https:\/\/i2.wp.com\/laplumedeloiseaulyre.com\/wp-content\/uploads\/2019\/11\/6_Broderies_de_la_Reine.jpg?zoom=3&amp;resize=150%2C150 450w\" sizes=\"(max-width: 150px) 100vw, 150px\" \/><\/a>\n\t\t\t<\/dt>\n\t\t\t\t<dd class='wp-caption-text gallery-caption' id='gallery-1-10244'>\n\t\t\t\tBroderies de la Reine (Anthriscus caucalis, Apiaceae) sp\u00e9cimens du domaine de Trianon, cyanotype, 30&#215;41.5cm, 2019, collection C.V. \u00a9GLSG\n\t\t\t\t<\/dd><\/dl><br style=\"clear: both\" \/><dl class='gallery-item'>\n\t\t\t<dt class='gallery-icon portrait'>\n\t\t\t\t<a href='http:\/\/laplumedeloiseaulyre.com\/?attachment_id=10245'><img width=\"150\" height=\"150\" src=\"https:\/\/i0.wp.com\/laplumedeloiseaulyre.com\/wp-content\/uploads\/2019\/11\/7_Manteau_Alchemille.jpg?resize=150%2C150\" class=\"attachment-thumbnail size-thumbnail\" alt=\"\" loading=\"lazy\" aria-describedby=\"gallery-1-10245\" srcset=\"https:\/\/i0.wp.com\/laplumedeloiseaulyre.com\/wp-content\/uploads\/2019\/11\/7_Manteau_Alchemille.jpg?resize=150%2C150 150w, https:\/\/i0.wp.com\/laplumedeloiseaulyre.com\/wp-content\/uploads\/2019\/11\/7_Manteau_Alchemille.jpg?zoom=2&amp;resize=150%2C150 300w, https:\/\/i0.wp.com\/laplumedeloiseaulyre.com\/wp-content\/uploads\/2019\/11\/7_Manteau_Alchemille.jpg?zoom=3&amp;resize=150%2C150 450w\" sizes=\"(max-width: 150px) 100vw, 150px\" \/><\/a>\n\t\t\t<\/dt>\n\t\t\t\t<dd class='wp-caption-text gallery-caption' id='gallery-1-10245'>\n\t\t\t\tManteau d\u2019Alchemilles (Alchemilla mollis, Rosaceae) cyanotype, 30&#215;41.5cm, 2019, collection C.V.  \u00a9GLSG\n\t\t\t\t<\/dd><\/dl>\n\t\t\t<br style='clear: both' \/>\n\t\t<\/div>\n\n<p class=\"jetpack-slideshow-noscript robots-nocontent\">Ce diaporama n\u00e9cessite JavaScript.<\/p><div id=\"gallery-10247-1-slideshow\" class=\"slideshow-window jetpack-slideshow slideshow-black\" data-trans=\"fade\" data-autostart=\"1\" data-gallery=\"[{&quot;src&quot;:&quot;https:\\\/\\\/i0.wp.com\\\/laplumedeloiseaulyre.com\\\/wp-content\\\/uploads\\\/2019\\\/11\\\/1_Brocard_des_Moissons_GLSG.jpg?fit=768%2C1024&quot;,&quot;id&quot;:&quot;10239&quot;,&quot;title&quot;:&quot;Brocard des Moissons (Petroselinum segetum, Apiaceae), cyanotype, 2019 \\u00a9GLSG&quot;,&quot;alt&quot;:&quot;&quot;,&quot;caption&quot;:&quot;Brocard des Moissons (Petroselinum segetum, Apiaceae) cyanotype, 30\\u0026#215;41.5cm, 2019, collection D.M.  \\u00a9GLSG&quot;,&quot;itemprop&quot;:&quot;image&quot;},{&quot;src&quot;:&quot;https:\\\/\\\/i1.wp.com\\\/laplumedeloiseaulyre.com\\\/wp-content\\\/uploads\\\/2019\\\/11\\\/2_Sceptre_d_ombellules_GLSG.jpg?fit=768%2C1024&quot;,&quot;id&quot;:&quot;10240&quot;,&quot;title&quot;:&quot;Sceptre d\\u2019Ombellules (Anethum graveolens, Apiaceae), cyanotype, 2019 \\u00a9GLSG&quot;,&quot;alt&quot;:&quot;&quot;,&quot;caption&quot;:&quot;Sceptre d\\u2019Ombellules (Anethum graveolens, Apiaceae) cyanotype, 30\\u0026#215;41.5cm, 2019, collection M. d\\u2019A. \\u00a9GLSG&quot;,&quot;itemprop&quot;:&quot;image&quot;},{&quot;src&quot;:&quot;https:\\\/\\\/i2.wp.com\\\/laplumedeloiseaulyre.com\\\/wp-content\\\/uploads\\\/2019\\\/11\\\/3_Cheveux-d\\u2019ange.jpg?fit=745%2C1024&quot;,&quot;id&quot;:&quot;10241&quot;,&quot;title&quot;:&quot;Cheveux d\\u2019ange (Stipa tenuifolia, Poaceae), cyanotype, 2019 \\u00a9GLSG&quot;,&quot;alt&quot;:&quot;&quot;,&quot;caption&quot;:&quot;Cheveux d\\u2019ange (Stipa tenuifolia, Poaceae) cyanotype, 30\\u0026#215;41.5cm, 2019, collection D.M.  \\u00a9GLSG&quot;,&quot;itemprop&quot;:&quot;image&quot;},{&quot;src&quot;:&quot;https:\\\/\\\/i1.wp.com\\\/laplumedeloiseaulyre.com\\\/wp-content\\\/uploads\\\/2019\\\/11\\\/4_Eventails_du_jardin.jpg?fit=744%2C1024&quot;,&quot;id&quot;:&quot;10242&quot;,&quot;title&quot;:&quot;\\u00c9ventails du jardin (Gingko biloba, Gingkoaceae) cyanotype, 2019 \\u00a9GLSG&quot;,&quot;alt&quot;:&quot;&quot;,&quot;caption&quot;:&quot;\\u00c9ventails du jardin (Gingko biloba, Gingkoaceae) cyanotype, 30\\u0026#215;41.5cm, 2019, prix sur demande (non encadr\\u00e9) \\u00a9GLSG&quot;,&quot;itemprop&quot;:&quot;image&quot;},{&quot;src&quot;:&quot;https:\\\/\\\/i0.wp.com\\\/laplumedeloiseaulyre.com\\\/wp-content\\\/uploads\\\/2019\\\/11\\\/5_Soierie_de_Gypsophiles.jpg?fit=743%2C1024&quot;,&quot;id&quot;:&quot;10243&quot;,&quot;title&quot;:&quot;Soierie de Gypsophiles (Gypsophila paniculata, Caryophyllaceae) cyanotype, 2019 \\u00a9GLSG&quot;,&quot;alt&quot;:&quot;&quot;,&quot;caption&quot;:&quot;Soierie de Gypsophiles (Gypsophila paniculata, Caryophyllaceae) cyanotype, 30\\u0026#215;41.5cm, 2019, prix sur demande (non encadr\\u00e9) \\u00a9GLSG&quot;,&quot;itemprop&quot;:&quot;image&quot;},{&quot;src&quot;:&quot;https:\\\/\\\/i2.wp.com\\\/laplumedeloiseaulyre.com\\\/wp-content\\\/uploads\\\/2019\\\/11\\\/6_Broderies_de_la_Reine.jpg?fit=653%2C1024&quot;,&quot;id&quot;:&quot;10244&quot;,&quot;title&quot;:&quot;Broderies de la Reine (Anthriscus caucalis, Apiaceae) sp\\u00e9cimens du domaine de Trianon, cyanotype, 2019, \\u00a9GLSG&quot;,&quot;alt&quot;:&quot;&quot;,&quot;caption&quot;:&quot;Broderies de la Reine (Anthriscus caucalis, Apiaceae) sp\\u00e9cimens du domaine de Trianon, cyanotype, 30\\u0026#215;41.5cm, 2019, collection C.V. \\u00a9GLSG&quot;,&quot;itemprop&quot;:&quot;image&quot;},{&quot;src&quot;:&quot;https:\\\/\\\/i0.wp.com\\\/laplumedeloiseaulyre.com\\\/wp-content\\\/uploads\\\/2019\\\/11\\\/7_Manteau_Alchemille.jpg?fit=742%2C1024&quot;,&quot;id&quot;:&quot;10245&quot;,&quot;title&quot;:&quot;Manteau d\\u2019Alchemilles (Alchemilla mollis, Rosaceae), cyanotype, 2019 \\u00a9GLSG&quot;,&quot;alt&quot;:&quot;&quot;,&quot;caption&quot;:&quot;Manteau d\\u2019Alchemilles (Alchemilla mollis, Rosaceae) cyanotype, 30\\u0026#215;41.5cm, 2019, collection C.V.  \\u00a9GLSG&quot;,&quot;itemprop&quot;:&quot;image&quot;}]\" itemscope itemtype=\"https:\/\/schema.org\/ImageGallery\"><\/div>\n<div id=\"attachment_10256\" style=\"width: 816px\" class=\"wp-caption aligncenter\"><img aria-describedby=\"caption-attachment-10256\" loading=\"lazy\" class=\"wp-image-10256 size-full\" src=\"https:\/\/i1.wp.com\/laplumedeloiseaulyre.com\/wp-content\/uploads\/2019\/11\/Ombellules_encadr\u00e9.jpg?resize=806%2C806\" alt=\"Sceptre d\u2019Ombellules (Anethum graveolens, Apiaceae) cyanotype, 30x41.5cm, 2019, collection M. d\u2019A. \u00a9GLSG\" width=\"806\" height=\"806\" srcset=\"https:\/\/i1.wp.com\/laplumedeloiseaulyre.com\/wp-content\/uploads\/2019\/11\/Ombellules_encadr\u00e9.jpg?w=806 806w, https:\/\/i1.wp.com\/laplumedeloiseaulyre.com\/wp-content\/uploads\/2019\/11\/Ombellules_encadr\u00e9.jpg?resize=150%2C150 150w, https:\/\/i1.wp.com\/laplumedeloiseaulyre.com\/wp-content\/uploads\/2019\/11\/Ombellules_encadr\u00e9.jpg?resize=300%2C300 300w, https:\/\/i1.wp.com\/laplumedeloiseaulyre.com\/wp-content\/uploads\/2019\/11\/Ombellules_encadr\u00e9.jpg?resize=768%2C768 768w, https:\/\/i1.wp.com\/laplumedeloiseaulyre.com\/wp-content\/uploads\/2019\/11\/Ombellules_encadr\u00e9.jpg?resize=560%2C560 560w, https:\/\/i1.wp.com\/laplumedeloiseaulyre.com\/wp-content\/uploads\/2019\/11\/Ombellules_encadr\u00e9.jpg?resize=160%2C160 160w\" sizes=\"(max-width: 806px) 100vw, 806px\" data-recalc-dims=\"1\" \/><p id=\"caption-attachment-10256\" class=\"wp-caption-text\"><strong>Sceptre d\u2019Ombellules in situ&nbsp;<\/strong>(<em>Anethum<\/em> graveolens, Apiaceae) cyanotype, 2019, collection M. d&rsquo;A. \u00a9GLSG<\/p><\/div>\n","protected":false},"excerpt":{"rendered":"<p>Cette s\u00e9rie de 7 cyanotypes est d\u00e9di\u00e9e&nbsp;aux ornements d\u2019une reine d\u2019un jardin. Ici, les fleurs et les feuilles se transforment en sceptre, en manteaux, brocards et broderies pour v\u00eatir d\u2019un r\u00eave d\u2019outremer la Cour de Dame Nature et pour que&hellip;<\/p>\n<p class=\"more-link-p\"><a class=\"more-link\" href=\"http:\/\/laplumedeloiseaulyre.com\/?page_id=10247\">Read more &rarr;<\/a><\/p>\n","protected":false},"author":1,"featured_media":10241,"parent":0,"menu_order":0,"comment_status":"closed","ping_status":"closed","template":"","meta":{"spay_email":""},"jetpack_shortlink":"https:\/\/wp.me\/P4lzfC-2Fh","_links":{"self":[{"href":"http:\/\/laplumedeloiseaulyre.com\/index.php?rest_route=\/wp\/v2\/pages\/10247"}],"collection":[{"href":"http:\/\/laplumedeloiseaulyre.com\/index.php?rest_route=\/wp\/v2\/pages"}],"about":[{"href":"http:\/\/laplumedeloiseaulyre.com\/index.php?rest_route=\/wp\/v2\/types\/page"}],"author":[{"embeddable":true,"href":"http:\/\/laplumedeloiseaulyre.com\/index.php?rest_route=\/wp\/v2\/users\/1"}],"replies":[{"embeddable":true,"href":"http:\/\/laplumedeloiseaulyre.com\/index.php?rest_route=%2Fwp%2Fv2%2Fcomments&post=10247"}],"version-history":[{"count":10,"href":"http:\/\/laplumedeloiseaulyre.com\/index.php?rest_route=\/wp\/v2\/pages\/10247\/revisions"}],"predecessor-version":[{"id":15350,"href":"http:\/\/laplumedeloiseaulyre.com\/index.php?rest_route=\/wp\/v2\/pages\/10247\/revisions\/15350"}],"wp:featuredmedia":[{"embeddable":true,"href":"http:\/\/laplumedeloiseaulyre.com\/index.php?rest_route=\/wp\/v2\/media\/10241"}],"wp:attachment":[{"href":"http:\/\/laplumedeloiseaulyre.com\/index.php?rest_route=%2Fwp%2Fv2%2Fmedia&parent=10247"}],"curies":[{"name":"wp","href":"https:\/\/api.w.org\/{rel}","templated":true}]}}